{"id":452,"date":"2016-12-16T14:34:51","date_gmt":"2016-12-16T13:34:51","guid":{"rendered":"http:\/\/champagnebreaksgroupes.v3.mobylee.com\/?page_id=452\/"},"modified":"2016-12-16T14:34:51","modified_gmt":"2016-12-16T13:34:51","slug":"how-to-get-to-champagne","status":"publish","type":"page","link":"https:\/\/groupes.aube-champagne.com\/en\/presentation\/how-to-get-to-champagne\/","title":{"rendered":"How to get to Champagne"},"content":{"rendered":"<div class=\"wpb-content-wrapper\"><p>[vc_row row_type=&#8221;row&#8221; use_row_as_full_screen_section=&#8221;no&#8221; type=&#8221;full_width&#8221; angled_section=&#8221;no&#8221; text_align=&#8221;left&#8221; background_image_as_pattern=&#8221;without_pattern&#8221; css_animation=&#8221;&#8221;][vc_column][vc_column_text]Axes autoroutiers : A5 (Paris \u2013 Dijon) et A26 (Calais-Reims)<\/p>\n<p>Gares de Paris Est : Troyes, Romilly-sur-Seine, Nogent-sur-Seine et Bar-sur-Aube<\/p>\n<p>TGV Station Reims<\/p>\n<p>A\u00e9roports internationaux : Paris CDG et Orly<\/p>\n<p>A\u00e9roports Paris-Vatry (\u00e0 45 minutes en voiture)<\/p>\n<p><iframe style=\"border: 0;\" src=\"https:\/\/www.google.com\/maps\/embed?pb=!1m47!1m12!1m3!1d1351745.2138842049!2d3.9976514392229134!3d48.569109231985784!2m3!1f0!2f0!3f0!3m2!1i1024!2i768!4f13.1!4m32!1i0!3e0!4m5!1s0x47e974334a533b09%3A0x40a5fb99a3b45c0!2sReims%2C+France!3m2!1d49.258328999999996!2d4.031696!4m5!1s0x47e914bec00321f7%3A0x40a5fb99a3b52e0!2s%C3%89pernay%2C+France!3m2!1d49.043411!2d3.956242!4m5!1s0x47ee9857e787b7b1%3A0x57dd125566e84f75!2sTroyes%2C+France!3m2!1d48.2973451!2d4.0744009!4m5!1s0x47ece50e54449e0b%3A0xd7792947d6b52b31!2sChaumont%2C+France!3m2!1d48.113748!2d5.1392559!4m5!1s0x47ed23f24a239601%3A0x95e7f0c12b1b6910!2sLangres%2C+France!3m2!1d47.86683!2d5.334296999999999!5e0!3m2!1sfr!2sfr!4v1431507107524\" width=\"600\" height=\"450\" frameborder=\"0\" data-mce-fragment=\"1\"><\/iframe><\/p>\n<hr \/>\n<p>[\/vc_column_text][\/vc_column][\/vc_row]<\/p>\n<\/div>","protected":false},"excerpt":{"rendered":"<p>[vc_row row_type=&#8221;row&#8221; use_row_as_full_screen_section=&#8221;no&#8221; type=&#8221;full_width&#8221; angled_section=&#8221;no&#8221; text_align=&#8221;left&#8221; background_image_as_pattern=&#8221;without_pattern&#8221; css_animation=&#8221;&#8221;][vc_column][vc_column_text]Axes autoroutiers : A5 (Paris \u2013 Dijon) et A26 (Calais-Reims) Gares de Paris Est : Troyes, Romilly-sur-Seine, Nogent-sur-Seine et Bar-sur-Aube TGV Station Reims A\u00e9roports internationaux : Paris CDG et Orly A\u00e9roports Paris-Vatry (\u00e0 45 minutes en voiture) [\/vc_column_text][\/vc_column][\/vc_row]<\/p>\n","protected":false},"author":1,"featured_media":0,"parent":467,"menu_order":0,"comment_status":"closed","ping_status":"closed","template":"","meta":{"footnotes":""},"class_list":["post-452","page","type-page","status-publish","hentry"],"yoast_head":"<!-- This site is optimized with the Yoast SEO plugin v26.6 - https:\/\/yoast.com\/wordpress\/plugins\/seo\/ -->\n<title>How to get to Champagne - Champagne Breaks Groupes<\/title>\n<meta name=\"robots\" content=\"index, follow, max-snippet:-1, max-image-preview:large, max-video-preview:-1\" \/>\n<link rel=\"canonical\" href=\"https:\/\/groupes.aube-champagne.com\/en\/presentation\/how-to-get-to-champagne\/\" \/>\n<meta property=\"og:locale\" content=\"en_US\" \/>\n<meta property=\"og:type\" content=\"article\" \/>\n<meta property=\"og:title\" content=\"How to get to Champagne - Champagne Breaks Groupes\" \/>\n<meta property=\"og:description\" content=\"[vc_row row_type=&#8221;row&#8221; use_row_as_full_screen_section=&#8221;no&#8221; type=&#8221;full_width&#8221; angled_section=&#8221;no&#8221; text_align=&#8221;left&#8221; background_image_as_pattern=&#8221;without_pattern&#8221; css_animation=&#8221;&#8221;][vc_column][vc_column_text]Axes autoroutiers : A5 (Paris \u2013 Dijon) et A26 (Calais-Reims) Gares de Paris Est : Troyes, Romilly-sur-Seine, Nogent-sur-Seine et Bar-sur-Aube TGV Station Reims A\u00e9roports internationaux : Paris CDG et Orly A\u00e9roports Paris-Vatry (\u00e0 45 minutes en voiture) [\/vc_column_text][\/vc_column][\/vc_row]\" \/>\n<meta property=\"og:url\" content=\"https:\/\/groupes.aube-champagne.com\/en\/presentation\/how-to-get-to-champagne\/\" \/>\n<meta property=\"og:site_name\" content=\"Champagne Breaks Groupes\" \/>\n<meta name=\"twitter:card\" content=\"summary_large_image\" \/>\n<script type=\"application\/ld+json\" class=\"yoast-schema-graph\">{\"@context\":\"https:\/\/schema.org\",\"@graph\":[{\"@type\":\"WebPage\",\"@id\":\"https:\/\/groupes.aube-champagne.com\/en\/presentation\/how-to-get-to-champagne\/\",\"url\":\"https:\/\/groupes.aube-champagne.com\/en\/presentation\/how-to-get-to-champagne\/\",\"name\":\"How to get to Champagne - Champagne Breaks Groupes\",\"isPartOf\":{\"@id\":\"https:\/\/champagnebreaksgroupes.v3.mobylee.com\/fr\/#website\"},\"datePublished\":\"2016-12-16T13:34:51+00:00\",\"breadcrumb\":{\"@id\":\"https:\/\/groupes.aube-champagne.com\/en\/presentation\/how-to-get-to-champagne\/#breadcrumb\"},\"inLanguage\":\"en-US\",\"potentialAction\":[{\"@type\":\"ReadAction\",\"target\":[\"https:\/\/groupes.aube-champagne.com\/en\/presentation\/how-to-get-to-champagne\/\"]}]},{\"@type\":\"BreadcrumbList\",\"@id\":\"https:\/\/groupes.aube-champagne.com\/en\/presentation\/how-to-get-to-champagne\/#breadcrumb\",\"itemListElement\":[{\"@type\":\"ListItem\",\"position\":1,\"name\":\"Home\",\"item\":\"https:\/\/groupes.aube-champagne.com\/en\/\"},{\"@type\":\"ListItem\",\"position\":2,\"name\":\"Presentation\",\"item\":\"https:\/\/groupes.aube-champagne.com\/en\/presentation\/\"},{\"@type\":\"ListItem\",\"position\":3,\"name\":\"How to get to Champagne\"}]},{\"@type\":\"WebSite\",\"@id\":\"https:\/\/champagnebreaksgroupes.v3.mobylee.com\/fr\/#website\",\"url\":\"https:\/\/champagnebreaksgroupes.v3.mobylee.com\/fr\/\",\"name\":\"Champagne Breaks Groupes\",\"description\":\"Excursions et sorties pour groupe\",\"potentialAction\":[{\"@type\":\"SearchAction\",\"target\":{\"@type\":\"EntryPoint\",\"urlTemplate\":\"https:\/\/champagnebreaksgroupes.v3.mobylee.com\/fr\/?s={search_term_string}\"},\"query-input\":{\"@type\":\"PropertyValueSpecification\",\"valueRequired\":true,\"valueName\":\"search_term_string\"}}],\"inLanguage\":\"en-US\"}]}<\/script>\n<!-- \/ Yoast SEO plugin. -->","yoast_head_json":{"title":"How to get to Champagne - Champagne Breaks Groupes","robots":{"index":"index","follow":"follow","max-snippet":"max-snippet:-1","max-image-preview":"max-image-preview:large","max-video-preview":"max-video-preview:-1"},"canonical":"https:\/\/groupes.aube-champagne.com\/en\/presentation\/how-to-get-to-champagne\/","og_locale":"en_US","og_type":"article","og_title":"How to get to Champagne - Champagne Breaks Groupes","og_description":"[vc_row row_type=&#8221;row&#8221; use_row_as_full_screen_section=&#8221;no&#8221; type=&#8221;full_width&#8221; angled_section=&#8221;no&#8221; text_align=&#8221;left&#8221; background_image_as_pattern=&#8221;without_pattern&#8221; css_animation=&#8221;&#8221;][vc_column][vc_column_text]Axes autoroutiers : A5 (Paris \u2013 Dijon) et A26 (Calais-Reims) Gares de Paris Est : Troyes, Romilly-sur-Seine, Nogent-sur-Seine et Bar-sur-Aube TGV Station Reims A\u00e9roports internationaux : Paris CDG et Orly A\u00e9roports Paris-Vatry (\u00e0 45 minutes en voiture) [\/vc_column_text][\/vc_column][\/vc_row]","og_url":"https:\/\/groupes.aube-champagne.com\/en\/presentation\/how-to-get-to-champagne\/","og_site_name":"Champagne Breaks Groupes","twitter_card":"summary_large_image","schema":{"@context":"https:\/\/schema.org","@graph":[{"@type":"WebPage","@id":"https:\/\/groupes.aube-champagne.com\/en\/presentation\/how-to-get-to-champagne\/","url":"https:\/\/groupes.aube-champagne.com\/en\/presentation\/how-to-get-to-champagne\/","name":"How to get to Champagne - Champagne Breaks Groupes","isPartOf":{"@id":"https:\/\/champagnebreaksgroupes.v3.mobylee.com\/fr\/#website"},"datePublished":"2016-12-16T13:34:51+00:00","breadcrumb":{"@id":"https:\/\/groupes.aube-champagne.com\/en\/presentation\/how-to-get-to-champagne\/#breadcrumb"},"inLanguage":"en-US","potentialAction":[{"@type":"ReadAction","target":["https:\/\/groupes.aube-champagne.com\/en\/presentation\/how-to-get-to-champagne\/"]}]},{"@type":"BreadcrumbList","@id":"https:\/\/groupes.aube-champagne.com\/en\/presentation\/how-to-get-to-champagne\/#breadcrumb","itemListElement":[{"@type":"ListItem","position":1,"name":"Home","item":"https:\/\/groupes.aube-champagne.com\/en\/"},{"@type":"ListItem","position":2,"name":"Presentation","item":"https:\/\/groupes.aube-champagne.com\/en\/presentation\/"},{"@type":"ListItem","position":3,"name":"How to get to Champagne"}]},{"@type":"WebSite","@id":"https:\/\/champagnebreaksgroupes.v3.mobylee.com\/fr\/#website","url":"https:\/\/champagnebreaksgroupes.v3.mobylee.com\/fr\/","name":"Champagne Breaks Groupes","description":"Excursions et sorties pour groupe","potentialAction":[{"@type":"SearchAction","target":{"@type":"EntryPoint","urlTemplate":"https:\/\/champagnebreaksgroupes.v3.mobylee.com\/fr\/?s={search_term_string}"},"query-input":{"@type":"PropertyValueSpecification","valueRequired":true,"valueName":"search_term_string"}}],"inLanguage":"en-US"}]}},"_links":{"self":[{"href":"https:\/\/groupes.aube-champagne.com\/en\/wp-json\/wp\/v2\/pages\/452\/"}],"collection":[{"href":"https:\/\/groupes.aube-champagne.com\/en\/wp-json\/wp\/v2\/pages\/"}],"about":[{"href":"https:\/\/groupes.aube-champagne.com\/en\/wp-json\/wp\/v2\/types\/page\/"}],"author":[{"embeddable":true,"href":"https:\/\/groupes.aube-champagne.com\/en\/wp-json\/wp\/v2\/users\/1\/"}],"replies":[{"embeddable":true,"href":"https:\/\/groupes.aube-champagne.com\/en\/wp-json\/wp\/v2\/comments\/?post=452"}],"version-history":[{"count":0,"href":"https:\/\/groupes.aube-champagne.com\/en\/wp-json\/wp\/v2\/pages\/452\/revisions\/"}],"up":[{"embeddable":true,"href":"https:\/\/groupes.aube-champagne.com\/en\/wp-json\/wp\/v2\/pages\/467\/"}],"wp:attachment":[{"href":"https:\/\/groupes.aube-champagne.com\/en\/wp-json\/wp\/v2\/media\/?parent=452"}],"curies":[{"name":"wp","href":"https:\/\/api.w.org\/{rel}","templated":true}]}}