{"id":467,"date":"2016-12-16T14:39:14","date_gmt":"2016-12-16T13:39:14","guid":{"rendered":"http:\/\/champagnebreaksgroupes.v3.mobylee.com\/?page_id=467\/"},"modified":"2016-12-16T14:39:14","modified_gmt":"2016-12-16T13:39:14","slug":"presentation","status":"publish","type":"page","link":"https:\/\/groupes.aube-champagne.com\/en\/presentation\/","title":{"rendered":"Presentation"},"content":{"rendered":"<div class=\"wpb-content-wrapper\"><p>[vc_row row_type=&#8221;row&#8221; use_row_as_full_screen_section=&#8221;no&#8221; type=&#8221;full_width&#8221; angled_section=&#8221;no&#8221; text_align=&#8221;left&#8221; background_image_as_pattern=&#8221;without_pattern&#8221; css_animation=&#8221;&#8221;][vc_column][vc_column_text]Des id\u00e9es de week-ends et de courts s\u00e9jours pour d\u00e9couvrir toutes les facettes du d\u00e9partement de <strong>l\u2019Aube en Champagne<\/strong>, situ\u00e9 \u00e0 <strong>moins de 2 heures de Paris<\/strong>\u2026[\/vc_column_text][vc_empty_space][\/vc_column][\/vc_row][vc_row row_type=&#8221;row&#8221; use_row_as_full_screen_section=&#8221;no&#8221; type=&#8221;full_width&#8221; angled_section=&#8221;no&#8221; text_align=&#8221;left&#8221; background_image_as_pattern=&#8221;without_pattern&#8221; css_animation=&#8221;&#8221;][vc_column]<div class='projects_holder_outer v5 portfolio_with_space portfolio_standard'><div class='projects_holder portfolio_main_holder clearfix v5 standard portfolio_full_image slide_from_top'>\n<article class='mix ' style=''><div class=\"item_holder slow_zoom\"><div class=\"icons_holder\"><\/div><a itemprop=\"url\" class=\"portfolio_link_class\" title=\"The Stars of the Aube in Champagne\" href=\"\/en\/great-man-of-champagne\/\"><\/a><div  class=\"portfolio_shader\"><\/div><div class=\"image_holder\"><span class=\"image\"><img fetchpriority=\"high\" decoding=\"async\" width=\"1280\" height=\"854\" src=\"https:\/\/groupes.aube-champagne.com\/assets\/uploads\/sites\/44\/2025\/10\/Du-Cote-des-Renoir-43-\u00a9-ARTGE-Pierre-Defontaine.jpg\" class=\"attachment-full size-full wp-post-image\" alt=\"\" srcset=\"https:\/\/groupes.aube-champagne.com\/assets\/uploads\/sites\/44\/2025\/10\/Du-Cote-des-Renoir-43-\u00a9-ARTGE-Pierre-Defontaine.jpg 1280w, https:\/\/groupes.aube-champagne.com\/assets\/uploads\/sites\/44\/2025\/10\/Du-Cote-des-Renoir-43-\u00a9-ARTGE-Pierre-Defontaine-300x200.jpg 300w, https:\/\/groupes.aube-champagne.com\/assets\/uploads\/sites\/44\/2025\/10\/Du-Cote-des-Renoir-43-\u00a9-ARTGE-Pierre-Defontaine-1024x683.jpg 1024w, https:\/\/groupes.aube-champagne.com\/assets\/uploads\/sites\/44\/2025\/10\/Du-Cote-des-Renoir-43-\u00a9-ARTGE-Pierre-Defontaine-768x512.jpg 768w, https:\/\/groupes.aube-champagne.com\/assets\/uploads\/sites\/44\/2025\/10\/Du-Cote-des-Renoir-43-\u00a9-ARTGE-Pierre-Defontaine-700x467.jpg 700w\" sizes=\"(max-width: 1280px) 100vw, 1280px\" \/><\/span><\/div><\/div><div class='portfolio_description text_align_center' style=border-style:solid;'><h5 itemprop=\"name\" class=\"portfolio_title entry_title\"><a itemprop=\"url\" href=\"\/en\/great-man-of-champagne\/\" target=\"_blank\" >The Stars of the Aube in Champagne<\/a><\/h5><\/div><\/article>\n<article class='mix ' style=''><div class=\"item_holder slow_zoom\"><div class=\"icons_holder\"><\/div><a itemprop=\"url\" class=\"portfolio_link_class\" title=\"Aube in Champagne: A Taste for the Gourmets\" href=\"\/en\/packs-gastronomy-and-champagne\"><\/a><div  class=\"portfolio_shader\"><\/div><div class=\"image_holder\"><span class=\"image\"><img decoding=\"async\" width=\"1280\" height=\"854\" src=\"https:\/\/groupes.aube-champagne.com\/assets\/uploads\/sites\/44\/2016\/12\/Champagne-Richardot-11-\u00a9-ARTGE-Pierre-Defontaine.jpg\" class=\"attachment-full size-full wp-post-image\" alt=\"\" srcset=\"https:\/\/groupes.aube-champagne.com\/assets\/uploads\/sites\/44\/2016\/12\/Champagne-Richardot-11-\u00a9-ARTGE-Pierre-Defontaine.jpg 1280w, https:\/\/groupes.aube-champagne.com\/assets\/uploads\/sites\/44\/2016\/12\/Champagne-Richardot-11-\u00a9-ARTGE-Pierre-Defontaine-300x200.jpg 300w, https:\/\/groupes.aube-champagne.com\/assets\/uploads\/sites\/44\/2016\/12\/Champagne-Richardot-11-\u00a9-ARTGE-Pierre-Defontaine-1024x683.jpg 1024w, https:\/\/groupes.aube-champagne.com\/assets\/uploads\/sites\/44\/2016\/12\/Champagne-Richardot-11-\u00a9-ARTGE-Pierre-Defontaine-768x512.jpg 768w, https:\/\/groupes.aube-champagne.com\/assets\/uploads\/sites\/44\/2016\/12\/Champagne-Richardot-11-\u00a9-ARTGE-Pierre-Defontaine-700x467.jpg 700w\" sizes=\"(max-width: 1280px) 100vw, 1280px\" \/><\/span><\/div><\/div><div class='portfolio_description text_align_center' style=border-style:solid;'><h5 itemprop=\"name\" class=\"portfolio_title entry_title\"><a itemprop=\"url\" href=\"\/en\/packs-gastronomy-and-champagne\" target=\"_self\" >Aube in Champagne: A Taste for the Gourmets<\/a><\/h5><\/div><\/article>\n<article class='mix ' style=''><div class=\"item_holder slow_zoom\"><div class=\"icons_holder\"><\/div><a itemprop=\"url\" class=\"portfolio_link_class\" title=\"Heritage is meant to be shared\" href=\"\/en\/packs-culture-and-heritage\"><\/a><div  class=\"portfolio_shader\"><\/div><div class=\"image_holder\"><span class=\"image\"><img decoding=\"async\" width=\"1280\" height=\"853\" src=\"https:\/\/groupes.aube-champagne.com\/assets\/uploads\/sites\/44\/2016\/12\/Chateau-de-Vaux-13-\u00a9-Pierre-Defontaine-_-ARTGE.jpg\" class=\"attachment-full size-full wp-post-image\" alt=\"\" srcset=\"https:\/\/groupes.aube-champagne.com\/assets\/uploads\/sites\/44\/2016\/12\/Chateau-de-Vaux-13-\u00a9-Pierre-Defontaine-_-ARTGE.jpg 1280w, https:\/\/groupes.aube-champagne.com\/assets\/uploads\/sites\/44\/2016\/12\/Chateau-de-Vaux-13-\u00a9-Pierre-Defontaine-_-ARTGE-300x200.jpg 300w, https:\/\/groupes.aube-champagne.com\/assets\/uploads\/sites\/44\/2016\/12\/Chateau-de-Vaux-13-\u00a9-Pierre-Defontaine-_-ARTGE-1024x682.jpg 1024w, https:\/\/groupes.aube-champagne.com\/assets\/uploads\/sites\/44\/2016\/12\/Chateau-de-Vaux-13-\u00a9-Pierre-Defontaine-_-ARTGE-768x512.jpg 768w, https:\/\/groupes.aube-champagne.com\/assets\/uploads\/sites\/44\/2016\/12\/Chateau-de-Vaux-13-\u00a9-Pierre-Defontaine-_-ARTGE-700x466.jpg 700w\" sizes=\"(max-width: 1280px) 100vw, 1280px\" \/><\/span><\/div><\/div><div class='portfolio_description text_align_center' style=border-style:solid;'><h5 itemprop=\"name\" class=\"portfolio_title entry_title\"><a itemprop=\"url\" href=\"\/en\/packs-culture-and-heritage\" target=\"_self\" >Heritage is meant to be shared<\/a><\/h5><\/div><\/article>\n<article class='mix ' style=''><div class=\"item_holder slow_zoom\"><div class=\"icons_holder\"><\/div><a itemprop=\"url\" class=\"portfolio_link_class\" title=\"Moments shared between being and doing\" href=\"\/en\/packs-unusual-escapade\"><\/a><div  class=\"portfolio_shader\"><\/div><div class=\"image_holder\"><span class=\"image\"><img loading=\"lazy\" decoding=\"async\" width=\"2560\" height=\"1708\" src=\"https:\/\/groupes.aube-champagne.com\/assets\/uploads\/sites\/44\/2020\/06\/Visite-guidee-Poterie-Tuilerie-Royer-20-\u00a9Studio-OG.jpg\" class=\"attachment-full size-full wp-post-image\" alt=\"\" \/><\/span><\/div><\/div><div class='portfolio_description text_align_center' style=border-style:solid;'><h5 itemprop=\"name\" class=\"portfolio_title entry_title\"><a itemprop=\"url\" href=\"\/en\/packs-unusual-escapade\" target=\"_self\" >Moments shared between being and doing<\/a><\/h5><\/div><\/article>\n<article class='mix ' style=''><div class=\"item_holder slow_zoom\"><div class=\"icons_holder\"><\/div><a itemprop=\"url\" class=\"portfolio_link_class\" title=\"A little trip to town!\" href=\"\/en\/packs-small-group\"><\/a><div  class=\"portfolio_shader\"><\/div><div class=\"image_holder\"><span class=\"image\"><img loading=\"lazy\" decoding=\"async\" width=\"900\" height=\"573\" src=\"https:\/\/groupes.aube-champagne.com\/assets\/uploads\/sites\/44\/2016\/12\/Visite-guidee-de-Troyes-19-\u00a9-ARTGE-Pierre-Defontaine-1.jpg\" class=\"attachment-full size-full wp-post-image\" alt=\"visite groupe Troyes\" srcset=\"https:\/\/groupes.aube-champagne.com\/assets\/uploads\/sites\/44\/2016\/12\/Visite-guidee-de-Troyes-19-\u00a9-ARTGE-Pierre-Defontaine-1.jpg 900w, https:\/\/groupes.aube-champagne.com\/assets\/uploads\/sites\/44\/2016\/12\/Visite-guidee-de-Troyes-19-\u00a9-ARTGE-Pierre-Defontaine-1-300x191.jpg 300w, https:\/\/groupes.aube-champagne.com\/assets\/uploads\/sites\/44\/2016\/12\/Visite-guidee-de-Troyes-19-\u00a9-ARTGE-Pierre-Defontaine-1-768x489.jpg 768w, https:\/\/groupes.aube-champagne.com\/assets\/uploads\/sites\/44\/2016\/12\/Visite-guidee-de-Troyes-19-\u00a9-ARTGE-Pierre-Defontaine-1-700x446.jpg 700w\" sizes=\"(max-width: 900px) 100vw, 900px\" \/><\/span><\/div><\/div><div class='portfolio_description text_align_center' style=border-style:solid;'><h5 itemprop=\"name\" class=\"portfolio_title entry_title\"><a itemprop=\"url\" href=\"\/en\/packs-small-group\" target=\"_blank\" >A little trip to town!<\/a><\/h5><\/div><\/article>\n<article class='mix ' style=''><div class=\"item_holder slow_zoom\"><div class=\"icons_holder\"><\/div><a itemprop=\"url\" class=\"portfolio_link_class\" title=\"Aube, under the open sky\" href=\"\/en\/packs-walking-cycling-and-hiking\"><\/a><div  class=\"portfolio_shader\"><\/div><div class=\"image_holder\"><span class=\"image\"><img loading=\"lazy\" decoding=\"async\" width=\"2560\" height=\"1705\" src=\"https:\/\/groupes.aube-champagne.com\/assets\/uploads\/sites\/44\/2025\/09\/Visite-nature-avec-Yohann-Brouillard-11-\u00a9-Le-Bonheur-des-Gens.jpg\" class=\"attachment-full size-full wp-post-image\" alt=\"\" \/><\/span><\/div><\/div><div class='portfolio_description text_align_center' style=border-style:solid;'><h5 itemprop=\"name\" class=\"portfolio_title entry_title\"><a itemprop=\"url\" href=\"\/en\/packs-walking-cycling-and-hiking\" target=\"_self\" >Aube, under the open sky<\/a><\/h5><\/div><\/article>\n<div class='filler'><\/div>\n<div class='filler'><\/div>\n<div class='filler'><\/div>\n<div class='filler'><\/div>\n<div class='filler'><\/div>\n<\/div><\/div>[\/vc_column][\/vc_row][vc_row row_type=&#8221;row&#8221; use_row_as_full_screen_section=&#8221;no&#8221; type=&#8221;full_width&#8221; angled_section=&#8221;no&#8221; text_align=&#8221;left&#8221; background_image_as_pattern=&#8221;without_pattern&#8221; css_animation=&#8221;&#8221;][vc_column][vc_column_text]Selon ses go\u00fbts, on peut choisir un s\u00e9jour gourmand, partir \u00e0 la d\u00e9couverte du monde du champagne et percer le secret des bulles.[\/vc_column_text][vc_empty_space][\/vc_column][\/vc_row]<\/p>\n<\/div>","protected":false},"excerpt":{"rendered":"<p>[vc_row row_type=&#8221;row&#8221; use_row_as_full_screen_section=&#8221;no&#8221; type=&#8221;full_width&#8221; angled_section=&#8221;no&#8221; text_align=&#8221;left&#8221; background_image_as_pattern=&#8221;without_pattern&#8221; css_animation=&#8221;&#8221;][vc_column][vc_column_text]Des id\u00e9es de week-ends et de courts s\u00e9jours pour d\u00e9couvrir toutes les facettes du d\u00e9partement de l\u2019Aube en Champagne, situ\u00e9 \u00e0 moins de 2 heures de Paris\u2026[\/vc_column_text][vc_empty_space][\/vc_column][\/vc_row][vc_row row_type=&#8221;row&#8221; use_row_as_full_screen_section=&#8221;no&#8221; type=&#8221;full_width&#8221; angled_section=&#8221;no&#8221; text_align=&#8221;left&#8221; background_image_as_pattern=&#8221;without_pattern&#8221; css_animation=&#8221;&#8221;][vc_column][\/vc_column][\/vc_row][vc_row row_type=&#8221;row&#8221; use_row_as_full_screen_section=&#8221;no&#8221; type=&#8221;full_width&#8221; angled_section=&#8221;no&#8221;&#8230;<\/p>\n","protected":false},"author":1,"featured_media":0,"parent":0,"menu_order":0,"comment_status":"closed","ping_status":"closed","template":"","meta":{"footnotes":""},"class_list":["post-467","page","type-page","status-publish","hentry"],"yoast_head":"<!-- This site is optimized with the Yoast SEO plugin v26.6 - https:\/\/yoast.com\/wordpress\/plugins\/seo\/ -->\n<title>Presentation - Champagne Breaks Groupes<\/title>\n<meta name=\"robots\" content=\"index, follow, max-snippet:-1, max-image-preview:large, max-video-preview:-1\" \/>\n<link rel=\"canonical\" href=\"https:\/\/groupes.aube-champagne.com\/en\/presentation\/\" \/>\n<meta property=\"og:locale\" content=\"en_US\" \/>\n<meta property=\"og:type\" content=\"article\" \/>\n<meta property=\"og:title\" content=\"Presentation - Champagne Breaks Groupes\" \/>\n<meta property=\"og:description\" content=\"[vc_row row_type=&#8221;row&#8221; use_row_as_full_screen_section=&#8221;no&#8221; type=&#8221;full_width&#8221; angled_section=&#8221;no&#8221; text_align=&#8221;left&#8221; background_image_as_pattern=&#8221;without_pattern&#8221; css_animation=&#8221;&#8221;][vc_column][vc_column_text]Des id\u00e9es de week-ends et de courts s\u00e9jours pour d\u00e9couvrir toutes les facettes du d\u00e9partement de l\u2019Aube en Champagne, situ\u00e9 \u00e0 moins de 2 heures de Paris\u2026[\/vc_column_text][vc_empty_space][\/vc_column][\/vc_row][vc_row row_type=&#8221;row&#8221; use_row_as_full_screen_section=&#8221;no&#8221; type=&#8221;full_width&#8221; angled_section=&#8221;no&#8221; text_align=&#8221;left&#8221; background_image_as_pattern=&#8221;without_pattern&#8221; css_animation=&#8221;&#8221;][vc_column][\/vc_column][\/vc_row][vc_row row_type=&#8221;row&#8221; use_row_as_full_screen_section=&#8221;no&#8221; type=&#8221;full_width&#8221; angled_section=&#8221;no&#8221;...\" \/>\n<meta property=\"og:url\" content=\"https:\/\/groupes.aube-champagne.com\/en\/presentation\/\" \/>\n<meta property=\"og:site_name\" content=\"Champagne Breaks Groupes\" \/>\n<meta name=\"twitter:card\" content=\"summary_large_image\" \/>\n<meta name=\"twitter:label1\" content=\"Est. reading time\" \/>\n\t<meta name=\"twitter:data1\" content=\"1 minute\" \/>\n<script type=\"application\/ld+json\" class=\"yoast-schema-graph\">{\"@context\":\"https:\/\/schema.org\",\"@graph\":[{\"@type\":\"WebPage\",\"@id\":\"https:\/\/groupes.aube-champagne.com\/en\/presentation\/\",\"url\":\"https:\/\/groupes.aube-champagne.com\/en\/presentation\/\",\"name\":\"Presentation - Champagne Breaks Groupes\",\"isPartOf\":{\"@id\":\"https:\/\/champagnebreaksgroupes.v3.mobylee.com\/fr\/#website\"},\"datePublished\":\"2016-12-16T13:39:14+00:00\",\"breadcrumb\":{\"@id\":\"https:\/\/groupes.aube-champagne.com\/en\/presentation\/#breadcrumb\"},\"inLanguage\":\"en-US\",\"potentialAction\":[{\"@type\":\"ReadAction\",\"target\":[\"https:\/\/groupes.aube-champagne.com\/en\/presentation\/\"]}]},{\"@type\":\"BreadcrumbList\",\"@id\":\"https:\/\/groupes.aube-champagne.com\/en\/presentation\/#breadcrumb\",\"itemListElement\":[{\"@type\":\"ListItem\",\"position\":1,\"name\":\"Home\",\"item\":\"https:\/\/groupes.aube-champagne.com\/en\/\"},{\"@type\":\"ListItem\",\"position\":2,\"name\":\"Presentation\"}]},{\"@type\":\"WebSite\",\"@id\":\"https:\/\/champagnebreaksgroupes.v3.mobylee.com\/fr\/#website\",\"url\":\"https:\/\/champagnebreaksgroupes.v3.mobylee.com\/fr\/\",\"name\":\"Champagne Breaks Groupes\",\"description\":\"Excursions et sorties pour groupe\",\"potentialAction\":[{\"@type\":\"SearchAction\",\"target\":{\"@type\":\"EntryPoint\",\"urlTemplate\":\"https:\/\/champagnebreaksgroupes.v3.mobylee.com\/fr\/?s={search_term_string}\"},\"query-input\":{\"@type\":\"PropertyValueSpecification\",\"valueRequired\":true,\"valueName\":\"search_term_string\"}}],\"inLanguage\":\"en-US\"}]}<\/script>\n<!-- \/ Yoast SEO plugin. -->","yoast_head_json":{"title":"Presentation - Champagne Breaks Groupes","robots":{"index":"index","follow":"follow","max-snippet":"max-snippet:-1","max-image-preview":"max-image-preview:large","max-video-preview":"max-video-preview:-1"},"canonical":"https:\/\/groupes.aube-champagne.com\/en\/presentation\/","og_locale":"en_US","og_type":"article","og_title":"Presentation - Champagne Breaks Groupes","og_description":"[vc_row row_type=&#8221;row&#8221; use_row_as_full_screen_section=&#8221;no&#8221; type=&#8221;full_width&#8221; angled_section=&#8221;no&#8221; text_align=&#8221;left&#8221; background_image_as_pattern=&#8221;without_pattern&#8221; css_animation=&#8221;&#8221;][vc_column][vc_column_text]Des id\u00e9es de week-ends et de courts s\u00e9jours pour d\u00e9couvrir toutes les facettes du d\u00e9partement de l\u2019Aube en Champagne, situ\u00e9 \u00e0 moins de 2 heures de Paris\u2026[\/vc_column_text][vc_empty_space][\/vc_column][\/vc_row][vc_row row_type=&#8221;row&#8221; use_row_as_full_screen_section=&#8221;no&#8221; type=&#8221;full_width&#8221; angled_section=&#8221;no&#8221; text_align=&#8221;left&#8221; background_image_as_pattern=&#8221;without_pattern&#8221; css_animation=&#8221;&#8221;][vc_column][\/vc_column][\/vc_row][vc_row row_type=&#8221;row&#8221; use_row_as_full_screen_section=&#8221;no&#8221; type=&#8221;full_width&#8221; angled_section=&#8221;no&#8221;...","og_url":"https:\/\/groupes.aube-champagne.com\/en\/presentation\/","og_site_name":"Champagne Breaks Groupes","twitter_card":"summary_large_image","twitter_misc":{"Est. reading time":"1 minute"},"schema":{"@context":"https:\/\/schema.org","@graph":[{"@type":"WebPage","@id":"https:\/\/groupes.aube-champagne.com\/en\/presentation\/","url":"https:\/\/groupes.aube-champagne.com\/en\/presentation\/","name":"Presentation - Champagne Breaks Groupes","isPartOf":{"@id":"https:\/\/champagnebreaksgroupes.v3.mobylee.com\/fr\/#website"},"datePublished":"2016-12-16T13:39:14+00:00","breadcrumb":{"@id":"https:\/\/groupes.aube-champagne.com\/en\/presentation\/#breadcrumb"},"inLanguage":"en-US","potentialAction":[{"@type":"ReadAction","target":["https:\/\/groupes.aube-champagne.com\/en\/presentation\/"]}]},{"@type":"BreadcrumbList","@id":"https:\/\/groupes.aube-champagne.com\/en\/presentation\/#breadcrumb","itemListElement":[{"@type":"ListItem","position":1,"name":"Home","item":"https:\/\/groupes.aube-champagne.com\/en\/"},{"@type":"ListItem","position":2,"name":"Presentation"}]},{"@type":"WebSite","@id":"https:\/\/champagnebreaksgroupes.v3.mobylee.com\/fr\/#website","url":"https:\/\/champagnebreaksgroupes.v3.mobylee.com\/fr\/","name":"Champagne Breaks Groupes","description":"Excursions et sorties pour groupe","potentialAction":[{"@type":"SearchAction","target":{"@type":"EntryPoint","urlTemplate":"https:\/\/champagnebreaksgroupes.v3.mobylee.com\/fr\/?s={search_term_string}"},"query-input":{"@type":"PropertyValueSpecification","valueRequired":true,"valueName":"search_term_string"}}],"inLanguage":"en-US"}]}},"_links":{"self":[{"href":"https:\/\/groupes.aube-champagne.com\/en\/wp-json\/wp\/v2\/pages\/467\/"}],"collection":[{"href":"https:\/\/groupes.aube-champagne.com\/en\/wp-json\/wp\/v2\/pages\/"}],"about":[{"href":"https:\/\/groupes.aube-champagne.com\/en\/wp-json\/wp\/v2\/types\/page\/"}],"author":[{"embeddable":true,"href":"https:\/\/groupes.aube-champagne.com\/en\/wp-json\/wp\/v2\/users\/1\/"}],"replies":[{"embeddable":true,"href":"https:\/\/groupes.aube-champagne.com\/en\/wp-json\/wp\/v2\/comments\/?post=467"}],"version-history":[{"count":0,"href":"https:\/\/groupes.aube-champagne.com\/en\/wp-json\/wp\/v2\/pages\/467\/revisions\/"}],"wp:attachment":[{"href":"https:\/\/groupes.aube-champagne.com\/en\/wp-json\/wp\/v2\/media\/?parent=467"}],"curies":[{"name":"wp","href":"https:\/\/api.w.org\/{rel}","templated":true}]}}