{"id":373,"date":"2016-12-15T16:48:46","date_gmt":"2016-12-15T15:48:46","guid":{"rendered":"http:\/\/champagnebreaksgroupes.v3.mobylee.com\/?page_id=373\/"},"modified":"2016-12-15T16:53:46","modified_gmt":"2016-12-15T15:53:46","slug":"presentation","status":"publish","type":"page","link":"https:\/\/groupes.aube-champagne.com\/fr\/presentation\/","title":{"rendered":"Pr\u00e9sentation"},"content":{"rendered":"<div class=\"wpb-content-wrapper\"><p>[vc_row row_type=\u00a0\u00bbrow\u00a0\u00bb use_row_as_full_screen_section=\u00a0\u00bbno\u00a0\u00bb type=\u00a0\u00bbfull_width\u00a0\u00bb angled_section=\u00a0\u00bbno\u00a0\u00bb text_align=\u00a0\u00bbleft\u00a0\u00bb background_image_as_pattern=\u00a0\u00bbwithout_pattern\u00a0\u00bb css_animation=\u00a0\u00bb\u00a0\u00bb][vc_column][vc_column_text]Des id\u00e9es de week-ends et de courts s\u00e9jours pour d\u00e9couvrir toutes les facettes du d\u00e9partement de <strong>l\u2019Aube en Champagne<\/strong>, situ\u00e9 \u00e0 <strong>moins de 2 heures de Paris<\/strong>\u2026[\/vc_column_text][vc_empty_space][\/vc_column][\/vc_row][vc_row row_type=\u00a0\u00bbrow\u00a0\u00bb use_row_as_full_screen_section=\u00a0\u00bbno\u00a0\u00bb type=\u00a0\u00bbfull_width\u00a0\u00bb angled_section=\u00a0\u00bbno\u00a0\u00bb text_align=\u00a0\u00bbleft\u00a0\u00bb background_image_as_pattern=\u00a0\u00bbwithout_pattern\u00a0\u00bb css_animation=\u00a0\u00bb\u00a0\u00bb][vc_column]<div class='projects_holder_outer v5 portfolio_with_space portfolio_standard'><div class='projects_holder portfolio_main_holder clearfix v5 standard portfolio_full_image slide_from_top'>\n<article class='mix ' style=''><div class=\"item_holder slow_zoom\"><div class=\"icons_holder\"><\/div><a itemprop=\"url\" class=\"portfolio_link_class\" title=\"L&rsquo;Aube en Champagne, c\u00f4t\u00e9 papilles\" href=\"\/fr\/forfaits-bulles-et-gourmandises\"><\/a><div  class=\"portfolio_shader\"><\/div><div class=\"image_holder\"><span class=\"image\"><img fetchpriority=\"high\" decoding=\"async\" width=\"1280\" height=\"854\" src=\"https:\/\/groupes.aube-champagne.com\/assets\/uploads\/sites\/44\/2016\/12\/Champagne-Richardot-11-\u00a9-ARTGE-Pierre-Defontaine.jpg\" class=\"attachment-full size-full wp-post-image\" alt=\"\" srcset=\"https:\/\/groupes.aube-champagne.com\/assets\/uploads\/sites\/44\/2016\/12\/Champagne-Richardot-11-\u00a9-ARTGE-Pierre-Defontaine.jpg 1280w, https:\/\/groupes.aube-champagne.com\/assets\/uploads\/sites\/44\/2016\/12\/Champagne-Richardot-11-\u00a9-ARTGE-Pierre-Defontaine-300x200.jpg 300w, https:\/\/groupes.aube-champagne.com\/assets\/uploads\/sites\/44\/2016\/12\/Champagne-Richardot-11-\u00a9-ARTGE-Pierre-Defontaine-1024x683.jpg 1024w, https:\/\/groupes.aube-champagne.com\/assets\/uploads\/sites\/44\/2016\/12\/Champagne-Richardot-11-\u00a9-ARTGE-Pierre-Defontaine-768x512.jpg 768w, https:\/\/groupes.aube-champagne.com\/assets\/uploads\/sites\/44\/2016\/12\/Champagne-Richardot-11-\u00a9-ARTGE-Pierre-Defontaine-700x467.jpg 700w\" sizes=\"(max-width: 1280px) 100vw, 1280px\" \/><\/span><\/div><\/div><div class='portfolio_description text_align_center' style=border-style:solid;'><h5 itemprop=\"name\" class=\"portfolio_title entry_title\"><a itemprop=\"url\" href=\"\/fr\/forfaits-bulles-et-gourmandises\" target=\"_self\" >L&rsquo;Aube en Champagne, c\u00f4t\u00e9 papilles<\/a><\/h5><\/div><\/article>\n<article class='mix ' style=''><div class=\"item_holder slow_zoom\"><div class=\"icons_holder\"><\/div><a itemprop=\"url\" class=\"portfolio_link_class\" title=\"Ni fig\u00e9, ni oubli\u00e9 : le patrimoine se partage\" href=\"\/fr\/forfaits-voyage-dans-le-temps\"><\/a><div  class=\"portfolio_shader\"><\/div><div class=\"image_holder\"><span class=\"image\"><img decoding=\"async\" width=\"1280\" height=\"853\" src=\"https:\/\/groupes.aube-champagne.com\/assets\/uploads\/sites\/44\/2016\/12\/Chateau-de-Vaux-13-\u00a9-Pierre-Defontaine-_-ARTGE.jpg\" class=\"attachment-full size-full wp-post-image\" alt=\"\" srcset=\"https:\/\/groupes.aube-champagne.com\/assets\/uploads\/sites\/44\/2016\/12\/Chateau-de-Vaux-13-\u00a9-Pierre-Defontaine-_-ARTGE.jpg 1280w, https:\/\/groupes.aube-champagne.com\/assets\/uploads\/sites\/44\/2016\/12\/Chateau-de-Vaux-13-\u00a9-Pierre-Defontaine-_-ARTGE-300x200.jpg 300w, https:\/\/groupes.aube-champagne.com\/assets\/uploads\/sites\/44\/2016\/12\/Chateau-de-Vaux-13-\u00a9-Pierre-Defontaine-_-ARTGE-1024x682.jpg 1024w, https:\/\/groupes.aube-champagne.com\/assets\/uploads\/sites\/44\/2016\/12\/Chateau-de-Vaux-13-\u00a9-Pierre-Defontaine-_-ARTGE-768x512.jpg 768w, https:\/\/groupes.aube-champagne.com\/assets\/uploads\/sites\/44\/2016\/12\/Chateau-de-Vaux-13-\u00a9-Pierre-Defontaine-_-ARTGE-700x466.jpg 700w\" sizes=\"(max-width: 1280px) 100vw, 1280px\" \/><\/span><\/div><\/div><div class='portfolio_description text_align_center' style=border-style:solid;'><h5 itemprop=\"name\" class=\"portfolio_title entry_title\"><a itemprop=\"url\" href=\"\/fr\/forfaits-voyage-dans-le-temps\" target=\"_self\" >Ni fig\u00e9, ni oubli\u00e9 : le patrimoine se partage<\/a><\/h5><\/div><\/article>\n<article class='mix ' style=''><div class=\"item_holder slow_zoom\"><div class=\"icons_holder\"><\/div><a itemprop=\"url\" class=\"portfolio_link_class\" title=\"Instants partag\u00e9s entre savoir-\u00eatre et savoir-faire\" href=\"\/fr\/forfaits-slow\/\"><\/a><div  class=\"portfolio_shader\"><\/div><div class=\"image_holder\"><span class=\"image\"><img decoding=\"async\" width=\"2560\" height=\"1708\" src=\"https:\/\/groupes.aube-champagne.com\/assets\/uploads\/sites\/44\/2020\/06\/Visite-guidee-Poterie-Tuilerie-Royer-20-\u00a9Studio-OG-scaled.jpg\" class=\"attachment-full size-full wp-post-image\" alt=\"\" srcset=\"https:\/\/groupes.aube-champagne.com\/assets\/uploads\/sites\/44\/2020\/06\/Visite-guidee-Poterie-Tuilerie-Royer-20-\u00a9Studio-OG-scaled.jpg 2560w, https:\/\/groupes.aube-champagne.com\/assets\/uploads\/sites\/44\/2020\/06\/Visite-guidee-Poterie-Tuilerie-Royer-20-\u00a9Studio-OG-300x200.jpg 300w, https:\/\/groupes.aube-champagne.com\/assets\/uploads\/sites\/44\/2020\/06\/Visite-guidee-Poterie-Tuilerie-Royer-20-\u00a9Studio-OG-1024x683.jpg 1024w, https:\/\/groupes.aube-champagne.com\/assets\/uploads\/sites\/44\/2020\/06\/Visite-guidee-Poterie-Tuilerie-Royer-20-\u00a9Studio-OG-768x512.jpg 768w, https:\/\/groupes.aube-champagne.com\/assets\/uploads\/sites\/44\/2020\/06\/Visite-guidee-Poterie-Tuilerie-Royer-20-\u00a9Studio-OG-1536x1025.jpg 1536w, https:\/\/groupes.aube-champagne.com\/assets\/uploads\/sites\/44\/2020\/06\/Visite-guidee-Poterie-Tuilerie-Royer-20-\u00a9Studio-OG-2048x1366.jpg 2048w, https:\/\/groupes.aube-champagne.com\/assets\/uploads\/sites\/44\/2020\/06\/Visite-guidee-Poterie-Tuilerie-Royer-20-\u00a9Studio-OG-700x467.jpg 700w\" sizes=\"(max-width: 2560px) 100vw, 2560px\" \/><\/span><\/div><\/div><div class='portfolio_description text_align_center' style=border-style:solid;'><h5 itemprop=\"name\" class=\"portfolio_title entry_title\"><a itemprop=\"url\" href=\"\/fr\/forfaits-slow\/\" target=\"_self\" >Instants partag\u00e9s entre savoir-\u00eatre et savoir-faire<\/a><\/h5><\/div><\/article>\n<article class='mix ' style=''><div class=\"item_holder slow_zoom\"><div class=\"icons_holder\"><\/div><a itemprop=\"url\" class=\"portfolio_link_class\" title=\"Un p&rsquo;tit tour en ville\" href=\"\/fr\/forfaits-citybreak\"><\/a><div  class=\"portfolio_shader\"><\/div><div class=\"image_holder\"><span class=\"image\"><img loading=\"lazy\" decoding=\"async\" width=\"900\" height=\"573\" src=\"https:\/\/groupes.aube-champagne.com\/assets\/uploads\/sites\/44\/2016\/12\/Visite-guidee-de-Troyes-19-\u00a9-ARTGE-Pierre-Defontaine-1.jpg\" class=\"attachment-full size-full wp-post-image\" alt=\"visite groupe Troyes\" srcset=\"https:\/\/groupes.aube-champagne.com\/assets\/uploads\/sites\/44\/2016\/12\/Visite-guidee-de-Troyes-19-\u00a9-ARTGE-Pierre-Defontaine-1.jpg 900w, https:\/\/groupes.aube-champagne.com\/assets\/uploads\/sites\/44\/2016\/12\/Visite-guidee-de-Troyes-19-\u00a9-ARTGE-Pierre-Defontaine-1-300x191.jpg 300w, https:\/\/groupes.aube-champagne.com\/assets\/uploads\/sites\/44\/2016\/12\/Visite-guidee-de-Troyes-19-\u00a9-ARTGE-Pierre-Defontaine-1-768x489.jpg 768w, https:\/\/groupes.aube-champagne.com\/assets\/uploads\/sites\/44\/2016\/12\/Visite-guidee-de-Troyes-19-\u00a9-ARTGE-Pierre-Defontaine-1-700x446.jpg 700w\" sizes=\"(max-width: 900px) 100vw, 900px\" \/><\/span><\/div><\/div><div class='portfolio_description text_align_center' style=border-style:solid;'><h5 itemprop=\"name\" class=\"portfolio_title entry_title\"><a itemprop=\"url\" href=\"\/fr\/forfaits-citybreak\" target=\"_blank\" >Un p&rsquo;tit tour en ville<\/a><\/h5><\/div><\/article>\n<article class='mix ' style=''><div class=\"item_holder slow_zoom\"><div class=\"icons_holder\"><\/div><a itemprop=\"url\" class=\"portfolio_link_class\" title=\"L&rsquo;Aube \u00e0 ciel ouvert\" href=\"\/fr\/forfaits-nature-rando-velo\"><\/a><div  class=\"portfolio_shader\"><\/div><div class=\"image_holder\"><span class=\"image\"><img loading=\"lazy\" decoding=\"async\" width=\"2560\" height=\"1705\" src=\"https:\/\/groupes.aube-champagne.com\/assets\/uploads\/sites\/44\/2025\/09\/Visite-nature-avec-Yohann-Brouillard-11-\u00a9-Le-Bonheur-des-Gens-scaled.jpg\" class=\"attachment-full size-full wp-post-image\" alt=\"\" srcset=\"https:\/\/groupes.aube-champagne.com\/assets\/uploads\/sites\/44\/2025\/09\/Visite-nature-avec-Yohann-Brouillard-11-\u00a9-Le-Bonheur-des-Gens-scaled.jpg 2560w, https:\/\/groupes.aube-champagne.com\/assets\/uploads\/sites\/44\/2025\/09\/Visite-nature-avec-Yohann-Brouillard-11-\u00a9-Le-Bonheur-des-Gens-300x200.jpg 300w, https:\/\/groupes.aube-champagne.com\/assets\/uploads\/sites\/44\/2025\/09\/Visite-nature-avec-Yohann-Brouillard-11-\u00a9-Le-Bonheur-des-Gens-1024x682.jpg 1024w, https:\/\/groupes.aube-champagne.com\/assets\/uploads\/sites\/44\/2025\/09\/Visite-nature-avec-Yohann-Brouillard-11-\u00a9-Le-Bonheur-des-Gens-768x512.jpg 768w, https:\/\/groupes.aube-champagne.com\/assets\/uploads\/sites\/44\/2025\/09\/Visite-nature-avec-Yohann-Brouillard-11-\u00a9-Le-Bonheur-des-Gens-1536x1023.jpg 1536w, https:\/\/groupes.aube-champagne.com\/assets\/uploads\/sites\/44\/2025\/09\/Visite-nature-avec-Yohann-Brouillard-11-\u00a9-Le-Bonheur-des-Gens-2048x1364.jpg 2048w, https:\/\/groupes.aube-champagne.com\/assets\/uploads\/sites\/44\/2025\/09\/Visite-nature-avec-Yohann-Brouillard-11-\u00a9-Le-Bonheur-des-Gens-700x466.jpg 700w\" sizes=\"(max-width: 2560px) 100vw, 2560px\" \/><\/span><\/div><\/div><div class='portfolio_description text_align_center' style=border-style:solid;'><h5 itemprop=\"name\" class=\"portfolio_title entry_title\"><a itemprop=\"url\" href=\"\/fr\/forfaits-nature-rando-velo\" target=\"_self\" >L&rsquo;Aube \u00e0 ciel ouvert<\/a><\/h5><\/div><\/article>\n<article class='mix ' style=''><div class=\"item_holder slow_zoom\"><div class=\"icons_holder\"><\/div><a itemprop=\"url\" class=\"portfolio_link_class\" title=\"Les t\u00eates d&rsquo;affiche de l&rsquo;Aube\" href=\"\/fr\/forfaits-grands-hommes-de-champagne\"><\/a><div  class=\"portfolio_shader\"><\/div><div class=\"image_holder\"><span class=\"image\"><img loading=\"lazy\" decoding=\"async\" width=\"1280\" height=\"854\" src=\"https:\/\/groupes.aube-champagne.com\/assets\/uploads\/sites\/44\/2025\/10\/Du-Cote-des-Renoir-43-\u00a9-ARTGE-Pierre-Defontaine.jpg\" class=\"attachment-full size-full wp-post-image\" alt=\"\" srcset=\"https:\/\/groupes.aube-champagne.com\/assets\/uploads\/sites\/44\/2025\/10\/Du-Cote-des-Renoir-43-\u00a9-ARTGE-Pierre-Defontaine.jpg 1280w, https:\/\/groupes.aube-champagne.com\/assets\/uploads\/sites\/44\/2025\/10\/Du-Cote-des-Renoir-43-\u00a9-ARTGE-Pierre-Defontaine-300x200.jpg 300w, https:\/\/groupes.aube-champagne.com\/assets\/uploads\/sites\/44\/2025\/10\/Du-Cote-des-Renoir-43-\u00a9-ARTGE-Pierre-Defontaine-1024x683.jpg 1024w, https:\/\/groupes.aube-champagne.com\/assets\/uploads\/sites\/44\/2025\/10\/Du-Cote-des-Renoir-43-\u00a9-ARTGE-Pierre-Defontaine-768x512.jpg 768w, https:\/\/groupes.aube-champagne.com\/assets\/uploads\/sites\/44\/2025\/10\/Du-Cote-des-Renoir-43-\u00a9-ARTGE-Pierre-Defontaine-700x467.jpg 700w\" sizes=\"(max-width: 1280px) 100vw, 1280px\" \/><\/span><\/div><\/div><div class='portfolio_description text_align_center' style=border-style:solid;'><h5 itemprop=\"name\" class=\"portfolio_title entry_title\"><a itemprop=\"url\" href=\"\/fr\/forfaits-grands-hommes-de-champagne\" target=\"_blank\" >Les t\u00eates d&rsquo;affiche de l&rsquo;Aube<\/a><\/h5><\/div><\/article>\n<div class='filler'><\/div>\n<div class='filler'><\/div>\n<div class='filler'><\/div>\n<div class='filler'><\/div>\n<div class='filler'><\/div>\n<\/div><\/div>[\/vc_column][\/vc_row][vc_row row_type=\u00a0\u00bbrow\u00a0\u00bb use_row_as_full_screen_section=\u00a0\u00bbno\u00a0\u00bb type=\u00a0\u00bbfull_width\u00a0\u00bb angled_section=\u00a0\u00bbno\u00a0\u00bb text_align=\u00a0\u00bbleft\u00a0\u00bb background_image_as_pattern=\u00a0\u00bbwithout_pattern\u00a0\u00bb css_animation=\u00a0\u00bb\u00a0\u00bb][vc_column][vc_column_text]Selon ses go\u00fbts, on peut choisir un s\u00e9jour gourmand, partir \u00e0 la d\u00e9couverte du monde du champagne et percer le secret des bulles.[\/vc_column_text][vc_empty_space][\/vc_column][\/vc_row]<\/p>\n<\/div>","protected":false},"excerpt":{"rendered":"<p>[vc_row row_type=\u00a0\u00bbrow\u00a0\u00bb use_row_as_full_screen_section=\u00a0\u00bbno\u00a0\u00bb type=\u00a0\u00bbfull_width\u00a0\u00bb angled_section=\u00a0\u00bbno\u00a0\u00bb text_align=\u00a0\u00bbleft\u00a0\u00bb background_image_as_pattern=\u00a0\u00bbwithout_pattern\u00a0\u00bb css_animation=\u00a0\u00bb\u00a0\u00bb][vc_column][vc_column_text]Des id\u00e9es de week-ends et de courts s\u00e9jours pour d\u00e9couvrir toutes les facettes du d\u00e9partement de l\u2019Aube en Champagne, situ\u00e9 \u00e0 moins de 2 heures de Paris\u2026[\/vc_column_text][vc_empty_space][\/vc_column][\/vc_row][vc_row row_type=\u00a0\u00bbrow\u00a0\u00bb use_row_as_full_screen_section=\u00a0\u00bbno\u00a0\u00bb type=\u00a0\u00bbfull_width\u00a0\u00bb angled_section=\u00a0\u00bbno\u00a0\u00bb text_align=\u00a0\u00bbleft\u00a0\u00bb background_image_as_pattern=\u00a0\u00bbwithout_pattern\u00a0\u00bb css_animation=\u00a0\u00bb\u00a0\u00bb][vc_column][\/vc_column][\/vc_row][vc_row row_type=\u00a0\u00bbrow\u00a0\u00bb use_row_as_full_screen_section=\u00a0\u00bbno\u00a0\u00bb type=\u00a0\u00bbfull_width\u00a0\u00bb angled_section=\u00a0\u00bbno\u00a0\u00bb&#8230;<\/p>\n","protected":false},"author":1,"featured_media":0,"parent":0,"menu_order":0,"comment_status":"closed","ping_status":"closed","template":"","meta":{"footnotes":""},"class_list":["post-373","page","type-page","status-publish","hentry"],"yoast_head":"<!-- This site is optimized with the Yoast SEO plugin v26.6 - https:\/\/yoast.com\/wordpress\/plugins\/seo\/ -->\n<title>Pr\u00e9sentation - Champagne Breaks Groupes<\/title>\n<meta name=\"robots\" content=\"index, follow, max-snippet:-1, max-image-preview:large, max-video-preview:-1\" \/>\n<link rel=\"canonical\" href=\"https:\/\/groupes.aube-champagne.com\/fr\/presentation\/\" \/>\n<meta property=\"og:locale\" content=\"fr_FR\" \/>\n<meta property=\"og:type\" content=\"article\" \/>\n<meta property=\"og:title\" content=\"Pr\u00e9sentation - Champagne Breaks Groupes\" \/>\n<meta property=\"og:description\" content=\"[vc_row row_type=\u00a0\u00bbrow\u00a0\u00bb use_row_as_full_screen_section=\u00a0\u00bbno\u00a0\u00bb type=\u00a0\u00bbfull_width\u00a0\u00bb angled_section=\u00a0\u00bbno\u00a0\u00bb text_align=\u00a0\u00bbleft\u00a0\u00bb background_image_as_pattern=\u00a0\u00bbwithout_pattern\u00a0\u00bb css_animation=\u00a0\u00bb\u00a0\u00bb][vc_column][vc_column_text]Des id\u00e9es de week-ends et de courts s\u00e9jours pour d\u00e9couvrir toutes les facettes du d\u00e9partement de l\u2019Aube en Champagne, situ\u00e9 \u00e0 moins de 2 heures de Paris\u2026[\/vc_column_text][vc_empty_space][\/vc_column][\/vc_row][vc_row row_type=\u00a0\u00bbrow\u00a0\u00bb use_row_as_full_screen_section=\u00a0\u00bbno\u00a0\u00bb type=\u00a0\u00bbfull_width\u00a0\u00bb angled_section=\u00a0\u00bbno\u00a0\u00bb text_align=\u00a0\u00bbleft\u00a0\u00bb background_image_as_pattern=\u00a0\u00bbwithout_pattern\u00a0\u00bb css_animation=\u00a0\u00bb\u00a0\u00bb][vc_column][\/vc_column][\/vc_row][vc_row row_type=\u00a0\u00bbrow\u00a0\u00bb use_row_as_full_screen_section=\u00a0\u00bbno\u00a0\u00bb type=\u00a0\u00bbfull_width\u00a0\u00bb angled_section=\u00a0\u00bbno\u00a0\u00bb...\" \/>\n<meta property=\"og:url\" content=\"https:\/\/groupes.aube-champagne.com\/fr\/presentation\/\" \/>\n<meta property=\"og:site_name\" content=\"Champagne Breaks Groupes\" \/>\n<meta property=\"article:modified_time\" content=\"2016-12-15T15:53:46+00:00\" \/>\n<meta name=\"twitter:card\" content=\"summary_large_image\" \/>\n<meta name=\"twitter:label1\" content=\"Dur\u00e9e de lecture estim\u00e9e\" \/>\n\t<meta name=\"twitter:data1\" content=\"1 minute\" \/>\n<script type=\"application\/ld+json\" class=\"yoast-schema-graph\">{\"@context\":\"https:\/\/schema.org\",\"@graph\":[{\"@type\":\"WebPage\",\"@id\":\"https:\/\/groupes.aube-champagne.com\/fr\/presentation\/\",\"url\":\"https:\/\/groupes.aube-champagne.com\/fr\/presentation\/\",\"name\":\"Pr\u00e9sentation - Champagne Breaks Groupes\",\"isPartOf\":{\"@id\":\"https:\/\/champagnebreaksgroupes.v3.mobylee.com\/fr\/#website\"},\"datePublished\":\"2016-12-15T15:48:46+00:00\",\"dateModified\":\"2016-12-15T15:53:46+00:00\",\"breadcrumb\":{\"@id\":\"https:\/\/groupes.aube-champagne.com\/fr\/presentation\/#breadcrumb\"},\"inLanguage\":\"fr-FR\",\"potentialAction\":[{\"@type\":\"ReadAction\",\"target\":[\"https:\/\/groupes.aube-champagne.com\/fr\/presentation\/\"]}]},{\"@type\":\"BreadcrumbList\",\"@id\":\"https:\/\/groupes.aube-champagne.com\/fr\/presentation\/#breadcrumb\",\"itemListElement\":[{\"@type\":\"ListItem\",\"position\":1,\"name\":\"Home\",\"item\":\"https:\/\/groupes.aube-champagne.com\/fr\/\"},{\"@type\":\"ListItem\",\"position\":2,\"name\":\"Pr\u00e9sentation\"}]},{\"@type\":\"WebSite\",\"@id\":\"https:\/\/champagnebreaksgroupes.v3.mobylee.com\/fr\/#website\",\"url\":\"https:\/\/champagnebreaksgroupes.v3.mobylee.com\/fr\/\",\"name\":\"Champagne Breaks Groupes\",\"description\":\"Excursions et s\u00e9jours en groupe\",\"potentialAction\":[{\"@type\":\"SearchAction\",\"target\":{\"@type\":\"EntryPoint\",\"urlTemplate\":\"https:\/\/champagnebreaksgroupes.v3.mobylee.com\/fr\/?s={search_term_string}\"},\"query-input\":{\"@type\":\"PropertyValueSpecification\",\"valueRequired\":true,\"valueName\":\"search_term_string\"}}],\"inLanguage\":\"fr-FR\"}]}<\/script>\n<!-- \/ Yoast SEO plugin. -->","yoast_head_json":{"title":"Pr\u00e9sentation - Champagne Breaks Groupes","robots":{"index":"index","follow":"follow","max-snippet":"max-snippet:-1","max-image-preview":"max-image-preview:large","max-video-preview":"max-video-preview:-1"},"canonical":"https:\/\/groupes.aube-champagne.com\/fr\/presentation\/","og_locale":"fr_FR","og_type":"article","og_title":"Pr\u00e9sentation - Champagne Breaks Groupes","og_description":"[vc_row row_type=\u00a0\u00bbrow\u00a0\u00bb use_row_as_full_screen_section=\u00a0\u00bbno\u00a0\u00bb type=\u00a0\u00bbfull_width\u00a0\u00bb angled_section=\u00a0\u00bbno\u00a0\u00bb text_align=\u00a0\u00bbleft\u00a0\u00bb background_image_as_pattern=\u00a0\u00bbwithout_pattern\u00a0\u00bb css_animation=\u00a0\u00bb\u00a0\u00bb][vc_column][vc_column_text]Des id\u00e9es de week-ends et de courts s\u00e9jours pour d\u00e9couvrir toutes les facettes du d\u00e9partement de l\u2019Aube en Champagne, situ\u00e9 \u00e0 moins de 2 heures de Paris\u2026[\/vc_column_text][vc_empty_space][\/vc_column][\/vc_row][vc_row row_type=\u00a0\u00bbrow\u00a0\u00bb use_row_as_full_screen_section=\u00a0\u00bbno\u00a0\u00bb type=\u00a0\u00bbfull_width\u00a0\u00bb angled_section=\u00a0\u00bbno\u00a0\u00bb text_align=\u00a0\u00bbleft\u00a0\u00bb background_image_as_pattern=\u00a0\u00bbwithout_pattern\u00a0\u00bb css_animation=\u00a0\u00bb\u00a0\u00bb][vc_column][\/vc_column][\/vc_row][vc_row row_type=\u00a0\u00bbrow\u00a0\u00bb use_row_as_full_screen_section=\u00a0\u00bbno\u00a0\u00bb type=\u00a0\u00bbfull_width\u00a0\u00bb angled_section=\u00a0\u00bbno\u00a0\u00bb...","og_url":"https:\/\/groupes.aube-champagne.com\/fr\/presentation\/","og_site_name":"Champagne Breaks Groupes","article_modified_time":"2016-12-15T15:53:46+00:00","twitter_card":"summary_large_image","twitter_misc":{"Dur\u00e9e de lecture estim\u00e9e":"1 minute"},"schema":{"@context":"https:\/\/schema.org","@graph":[{"@type":"WebPage","@id":"https:\/\/groupes.aube-champagne.com\/fr\/presentation\/","url":"https:\/\/groupes.aube-champagne.com\/fr\/presentation\/","name":"Pr\u00e9sentation - Champagne Breaks Groupes","isPartOf":{"@id":"https:\/\/champagnebreaksgroupes.v3.mobylee.com\/fr\/#website"},"datePublished":"2016-12-15T15:48:46+00:00","dateModified":"2016-12-15T15:53:46+00:00","breadcrumb":{"@id":"https:\/\/groupes.aube-champagne.com\/fr\/presentation\/#breadcrumb"},"inLanguage":"fr-FR","potentialAction":[{"@type":"ReadAction","target":["https:\/\/groupes.aube-champagne.com\/fr\/presentation\/"]}]},{"@type":"BreadcrumbList","@id":"https:\/\/groupes.aube-champagne.com\/fr\/presentation\/#breadcrumb","itemListElement":[{"@type":"ListItem","position":1,"name":"Home","item":"https:\/\/groupes.aube-champagne.com\/fr\/"},{"@type":"ListItem","position":2,"name":"Pr\u00e9sentation"}]},{"@type":"WebSite","@id":"https:\/\/champagnebreaksgroupes.v3.mobylee.com\/fr\/#website","url":"https:\/\/champagnebreaksgroupes.v3.mobylee.com\/fr\/","name":"Champagne Breaks Groupes","description":"Excursions et s\u00e9jours en groupe","potentialAction":[{"@type":"SearchAction","target":{"@type":"EntryPoint","urlTemplate":"https:\/\/champagnebreaksgroupes.v3.mobylee.com\/fr\/?s={search_term_string}"},"query-input":{"@type":"PropertyValueSpecification","valueRequired":true,"valueName":"search_term_string"}}],"inLanguage":"fr-FR"}]}},"_links":{"self":[{"href":"https:\/\/groupes.aube-champagne.com\/fr\/wp-json\/wp\/v2\/pages\/373\/"}],"collection":[{"href":"https:\/\/groupes.aube-champagne.com\/fr\/wp-json\/wp\/v2\/pages\/"}],"about":[{"href":"https:\/\/groupes.aube-champagne.com\/fr\/wp-json\/wp\/v2\/types\/page\/"}],"author":[{"embeddable":true,"href":"https:\/\/groupes.aube-champagne.com\/fr\/wp-json\/wp\/v2\/users\/1\/"}],"replies":[{"embeddable":true,"href":"https:\/\/groupes.aube-champagne.com\/fr\/wp-json\/wp\/v2\/comments\/?post=373"}],"version-history":[{"count":1,"href":"https:\/\/groupes.aube-champagne.com\/fr\/wp-json\/wp\/v2\/pages\/373\/revisions\/"}],"predecessor-version":[{"id":1836,"href":"https:\/\/groupes.aube-champagne.com\/fr\/wp-json\/wp\/v2\/pages\/373\/revisions\/1836\/"}],"wp:attachment":[{"href":"https:\/\/groupes.aube-champagne.com\/fr\/wp-json\/wp\/v2\/media\/?parent=373"}],"curies":[{"name":"wp","href":"https:\/\/api.w.org\/{rel}","templated":true}]}}