{"id":379,"date":"2016-12-15T16:56:48","date_gmt":"2016-12-15T15:56:48","guid":{"rendered":"http:\/\/champagnebreaksgroupes.v3.mobylee.com\/?page_id=379\/"},"modified":"2025-08-12T14:15:57","modified_gmt":"2025-08-12T12:15:57","slug":"qui-sommes-nous","status":"publish","type":"page","link":"https:\/\/groupes.aube-champagne.com\/fr\/presentation\/qui-sommes-nous\/","title":{"rendered":"Qui sommes-nous ?"},"content":{"rendered":"<div class=\"wpb-content-wrapper\"><p>[vc_row css_animation=\u00a0\u00bb\u00a0\u00bb row_type=\u00a0\u00bbrow\u00a0\u00bb use_row_as_full_screen_section=\u00a0\u00bbno\u00a0\u00bb type=\u00a0\u00bbfull_width\u00a0\u00bb angled_section=\u00a0\u00bbno\u00a0\u00bb text_align=\u00a0\u00bbleft\u00a0\u00bb background_image_as_pattern=\u00a0\u00bbwithout_pattern\u00a0\u00bb][vc_column][vc_single_image image=\u00a0\u00bb1599&Prime; img_size=\u00a0\u00bb2048&#215;874&Prime; alignment=\u00a0\u00bbcenter\u00a0\u00bb qode_css_animation=\u00a0\u00bb\u00a0\u00bb][vc_empty_space][\/vc_column][\/vc_row][vc_row css_animation=\u00a0\u00bb\u00a0\u00bb row_type=\u00a0\u00bbrow\u00a0\u00bb use_row_as_full_screen_section=\u00a0\u00bbno\u00a0\u00bb type=\u00a0\u00bbfull_width\u00a0\u00bb angled_section=\u00a0\u00bbno\u00a0\u00bb text_align=\u00a0\u00bbleft\u00a0\u00bb background_image_as_pattern=\u00a0\u00bbwithout_pattern\u00a0\u00bb][vc_column][vc_row_inner row_type=\u00a0\u00bbrow\u00a0\u00bb type=\u00a0\u00bbfull_width\u00a0\u00bb text_align=\u00a0\u00bbleft\u00a0\u00bb css_animation=\u00a0\u00bb\u00a0\u00bb][vc_column_inner width=\u00a0\u00bb1\/2&Prime;][vc_single_image image=\u00a0\u00bb1825&Prime; img_size=\u00a0\u00bbmedium\u00a0\u00bb alignment=\u00a0\u00bbcenter\u00a0\u00bb css=\u00a0\u00bb\u00a0\u00bb qode_css_animation=\u00a0\u00bb\u00a0\u00bb][\/vc_column_inner][vc_column_inner width=\u00a0\u00bb1\/2&Prime;][vc_single_image image=\u00a0\u00bb1754&Prime; img_size=\u00a0\u00bb400&#215;175&Prime; onclick=\u00a0\u00bbcustom_link\u00a0\u00bb img_link_target=\u00a0\u00bb_blank\u00a0\u00bb qode_css_animation=\u00a0\u00bb\u00a0\u00bb link=\u00a0\u00bbhttps:\/\/www.destination-groupes.net\/\u00a0\u00bb][vc_column_text]Membre du r\u00e9seau national destination groupes[\/vc_column_text][\/vc_column_inner][\/vc_row_inner][vc_empty_space][vc_column_text]<\/p>\n<h2 style=\"text-align: center\">Qui sommes-nous ?<\/h2>\n<p>[\/vc_column_text][vc_empty_space][vc_column_text css=\u00a0\u00bb\u00a0\u00bb]<\/p>\n<p style=\"text-align: center\">L&rsquo;Agence Aube en Champagne Attractivit\u00e9 est une association loi 1901 \u00e0 but non lucratif cr\u00e9\u00e9e \u00e0 l&rsquo;initiative du Conseil D\u00e9partemental de l&rsquo;Aube.<\/p>\n<p style=\"text-align: center\">En tant qu&rsquo;acteur principal du tourisme aubois, l&rsquo;ACA est votre interlocuteur privil\u00e9gi\u00e9 pour l&rsquo;\u00e9laboration et la r\u00e9servation de vos s\u00e9jours et excursions dans l&rsquo;Aube en Champagne gr\u00e2ce \u00e0 notre club d&rsquo;offices de tourisme et d&rsquo;agences de voyages r\u00e9ceptives.<\/p>\n<p style=\"text-align: center\">Notre principale mission est de promouvoir la destination auboise et ses portes d&rsquo;entr\u00e9e en France et \u00e0 l&rsquo;\u00e9tranger.<\/p>\n<p>[\/vc_column_text][vc_empty_space][vc_row_inner row_type=\u00a0\u00bbrow\u00a0\u00bb type=\u00a0\u00bbfull_width\u00a0\u00bb text_align=\u00a0\u00bbcenter\u00a0\u00bb css_animation=\u00a0\u00bb\u00a0\u00bb el_class=\u00a0\u00bbtext-center\u00a0\u00bb][vc_column_inner el_class=\u00a0\u00bbtext-center\u00a0\u00bb]<a  itemprop=\"url\" href=\"https:\/\/www.aube-champagne.com\/fr\/\" target=\"_blank\" data-hover-background-color=#ffffff data-hover-border-color=#a3a3a3 data-hover-color=#a3a3a3 class=\"qbutton  center default\" style=\"color: #ffffff; border-color: #a3a3a3; background-color: #a3a3a3;\">EN SAVOIR PLUS<\/a>[vc_empty_space][\/vc_column_inner][\/vc_row_inner][\/vc_column][\/vc_row]<\/p>\n<\/div>","protected":false},"excerpt":{"rendered":"<p>[vc_row css_animation=\u00a0\u00bb\u00a0\u00bb row_type=\u00a0\u00bbrow\u00a0\u00bb use_row_as_full_screen_section=\u00a0\u00bbno\u00a0\u00bb type=\u00a0\u00bbfull_width\u00a0\u00bb angled_section=\u00a0\u00bbno\u00a0\u00bb text_align=\u00a0\u00bbleft\u00a0\u00bb background_image_as_pattern=\u00a0\u00bbwithout_pattern\u00a0\u00bb][vc_column][vc_single_image image=\u00a0\u00bb1599&Prime; img_size=\u00a0\u00bb2048&#215;874&Prime; alignment=\u00a0\u00bbcenter\u00a0\u00bb qode_css_animation=\u00a0\u00bb\u00a0\u00bb][vc_empty_space][\/vc_column][\/vc_row][vc_row css_animation=\u00a0\u00bb\u00a0\u00bb row_type=\u00a0\u00bbrow\u00a0\u00bb use_row_as_full_screen_section=\u00a0\u00bbno\u00a0\u00bb type=\u00a0\u00bbfull_width\u00a0\u00bb angled_section=\u00a0\u00bbno\u00a0\u00bb text_align=\u00a0\u00bbleft\u00a0\u00bb background_image_as_pattern=\u00a0\u00bbwithout_pattern\u00a0\u00bb][vc_column][vc_row_inner row_type=\u00a0\u00bbrow\u00a0\u00bb type=\u00a0\u00bbfull_width\u00a0\u00bb text_align=\u00a0\u00bbleft\u00a0\u00bb css_animation=\u00a0\u00bb\u00a0\u00bb][vc_column_inner width=\u00a0\u00bb1\/2&Prime;][vc_single_image image=\u00a0\u00bb1825&Prime; img_size=\u00a0\u00bbmedium\u00a0\u00bb alignment=\u00a0\u00bbcenter\u00a0\u00bb css=\u00a0\u00bb\u00a0\u00bb qode_css_animation=\u00a0\u00bb\u00a0\u00bb][\/vc_column_inner][vc_column_inner width=\u00a0\u00bb1\/2&Prime;][vc_single_image image=\u00a0\u00bb1754&Prime; img_size=\u00a0\u00bb400&#215;175&Prime; onclick=\u00a0\u00bbcustom_link\u00a0\u00bb img_link_target=\u00a0\u00bb_blank\u00a0\u00bb qode_css_animation=\u00a0\u00bb\u00a0\u00bb link=\u00a0\u00bbhttps:\/\/www.destination-groupes.net\/\u00a0\u00bb][vc_column_text]Membre du r\u00e9seau national destination groupes[\/vc_column_text][\/vc_column_inner][\/vc_row_inner][vc_empty_space][vc_column_text] Qui sommes-nous ? [\/vc_column_text][vc_empty_space][vc_column_text&#8230;<\/p>\n","protected":false},"author":1,"featured_media":0,"parent":373,"menu_order":0,"comment_status":"closed","ping_status":"closed","template":"","meta":{"footnotes":""},"class_list":["post-379","page","type-page","status-publish","hentry"],"yoast_head":"<!-- This site is optimized with the Yoast SEO plugin v26.6 - https:\/\/yoast.com\/wordpress\/plugins\/seo\/ -->\n<title>Qui sommes-nous ? - Champagne Breaks Groupes<\/title>\n<meta name=\"robots\" content=\"index, follow, max-snippet:-1, max-image-preview:large, max-video-preview:-1\" \/>\n<link rel=\"canonical\" href=\"https:\/\/groupes.aube-champagne.com\/fr\/presentation\/qui-sommes-nous\/\" \/>\n<meta property=\"og:locale\" content=\"fr_FR\" \/>\n<meta property=\"og:type\" content=\"article\" \/>\n<meta property=\"og:title\" content=\"Qui sommes-nous ? - Champagne Breaks Groupes\" \/>\n<meta property=\"og:description\" content=\"[vc_row css_animation=\u00a0\u00bb\u00a0\u00bb row_type=\u00a0\u00bbrow\u00a0\u00bb use_row_as_full_screen_section=\u00a0\u00bbno\u00a0\u00bb type=\u00a0\u00bbfull_width\u00a0\u00bb angled_section=\u00a0\u00bbno\u00a0\u00bb text_align=\u00a0\u00bbleft\u00a0\u00bb background_image_as_pattern=\u00a0\u00bbwithout_pattern\u00a0\u00bb][vc_column][vc_single_image image=\u00a0\u00bb1599&Prime; img_size=\u00a0\u00bb2048&#215;874&Prime; alignment=\u00a0\u00bbcenter\u00a0\u00bb qode_css_animation=\u00a0\u00bb\u00a0\u00bb][vc_empty_space][\/vc_column][\/vc_row][vc_row css_animation=\u00a0\u00bb\u00a0\u00bb row_type=\u00a0\u00bbrow\u00a0\u00bb use_row_as_full_screen_section=\u00a0\u00bbno\u00a0\u00bb type=\u00a0\u00bbfull_width\u00a0\u00bb angled_section=\u00a0\u00bbno\u00a0\u00bb text_align=\u00a0\u00bbleft\u00a0\u00bb background_image_as_pattern=\u00a0\u00bbwithout_pattern\u00a0\u00bb][vc_column][vc_row_inner row_type=\u00a0\u00bbrow\u00a0\u00bb type=\u00a0\u00bbfull_width\u00a0\u00bb text_align=\u00a0\u00bbleft\u00a0\u00bb css_animation=\u00a0\u00bb\u00a0\u00bb][vc_column_inner width=\u00a0\u00bb1\/2&Prime;][vc_single_image image=\u00a0\u00bb1825&Prime; img_size=\u00a0\u00bbmedium\u00a0\u00bb alignment=\u00a0\u00bbcenter\u00a0\u00bb css=\u00a0\u00bb\u00a0\u00bb qode_css_animation=\u00a0\u00bb\u00a0\u00bb][\/vc_column_inner][vc_column_inner width=\u00a0\u00bb1\/2&Prime;][vc_single_image image=\u00a0\u00bb1754&Prime; img_size=\u00a0\u00bb400&#215;175&Prime; onclick=\u00a0\u00bbcustom_link\u00a0\u00bb img_link_target=\u00a0\u00bb_blank\u00a0\u00bb qode_css_animation=\u00a0\u00bb\u00a0\u00bb link=\u00a0\u00bbhttps:\/\/www.destination-groupes.net\/\u00a0\u00bb][vc_column_text]Membre du r\u00e9seau national destination groupes[\/vc_column_text][\/vc_column_inner][\/vc_row_inner][vc_empty_space][vc_column_text] Qui sommes-nous ? [\/vc_column_text][vc_empty_space][vc_column_text...\" \/>\n<meta property=\"og:url\" content=\"https:\/\/groupes.aube-champagne.com\/fr\/presentation\/qui-sommes-nous\/\" \/>\n<meta property=\"og:site_name\" content=\"Champagne Breaks Groupes\" \/>\n<meta property=\"article:modified_time\" content=\"2025-08-12T12:15:57+00:00\" \/>\n<meta name=\"twitter:card\" content=\"summary_large_image\" \/>\n<meta name=\"twitter:label1\" content=\"Dur\u00e9e de lecture estim\u00e9e\" \/>\n\t<meta name=\"twitter:data1\" content=\"1 minute\" \/>\n<script type=\"application\/ld+json\" class=\"yoast-schema-graph\">{\"@context\":\"https:\/\/schema.org\",\"@graph\":[{\"@type\":\"WebPage\",\"@id\":\"https:\/\/groupes.aube-champagne.com\/fr\/presentation\/qui-sommes-nous\/\",\"url\":\"https:\/\/groupes.aube-champagne.com\/fr\/presentation\/qui-sommes-nous\/\",\"name\":\"Qui sommes-nous ? - Champagne Breaks Groupes\",\"isPartOf\":{\"@id\":\"https:\/\/champagnebreaksgroupes.v3.mobylee.com\/fr\/#website\"},\"datePublished\":\"2016-12-15T15:56:48+00:00\",\"dateModified\":\"2025-08-12T12:15:57+00:00\",\"breadcrumb\":{\"@id\":\"https:\/\/groupes.aube-champagne.com\/fr\/presentation\/qui-sommes-nous\/#breadcrumb\"},\"inLanguage\":\"fr-FR\",\"potentialAction\":[{\"@type\":\"ReadAction\",\"target\":[\"https:\/\/groupes.aube-champagne.com\/fr\/presentation\/qui-sommes-nous\/\"]}]},{\"@type\":\"BreadcrumbList\",\"@id\":\"https:\/\/groupes.aube-champagne.com\/fr\/presentation\/qui-sommes-nous\/#breadcrumb\",\"itemListElement\":[{\"@type\":\"ListItem\",\"position\":1,\"name\":\"Home\",\"item\":\"https:\/\/groupes.aube-champagne.com\/fr\/\"},{\"@type\":\"ListItem\",\"position\":2,\"name\":\"Pr\u00e9sentation\",\"item\":\"https:\/\/groupes.aube-champagne.com\/fr\/presentation\/\"},{\"@type\":\"ListItem\",\"position\":3,\"name\":\"Qui sommes-nous ?\"}]},{\"@type\":\"WebSite\",\"@id\":\"https:\/\/champagnebreaksgroupes.v3.mobylee.com\/fr\/#website\",\"url\":\"https:\/\/champagnebreaksgroupes.v3.mobylee.com\/fr\/\",\"name\":\"Champagne Breaks Groupes\",\"description\":\"Excursions et s\u00e9jours en groupe\",\"potentialAction\":[{\"@type\":\"SearchAction\",\"target\":{\"@type\":\"EntryPoint\",\"urlTemplate\":\"https:\/\/champagnebreaksgroupes.v3.mobylee.com\/fr\/?s={search_term_string}\"},\"query-input\":{\"@type\":\"PropertyValueSpecification\",\"valueRequired\":true,\"valueName\":\"search_term_string\"}}],\"inLanguage\":\"fr-FR\"}]}<\/script>\n<!-- \/ Yoast SEO plugin. -->","yoast_head_json":{"title":"Qui sommes-nous ? - Champagne Breaks Groupes","robots":{"index":"index","follow":"follow","max-snippet":"max-snippet:-1","max-image-preview":"max-image-preview:large","max-video-preview":"max-video-preview:-1"},"canonical":"https:\/\/groupes.aube-champagne.com\/fr\/presentation\/qui-sommes-nous\/","og_locale":"fr_FR","og_type":"article","og_title":"Qui sommes-nous ? - Champagne Breaks Groupes","og_description":"[vc_row css_animation=\u00a0\u00bb\u00a0\u00bb row_type=\u00a0\u00bbrow\u00a0\u00bb use_row_as_full_screen_section=\u00a0\u00bbno\u00a0\u00bb type=\u00a0\u00bbfull_width\u00a0\u00bb angled_section=\u00a0\u00bbno\u00a0\u00bb text_align=\u00a0\u00bbleft\u00a0\u00bb background_image_as_pattern=\u00a0\u00bbwithout_pattern\u00a0\u00bb][vc_column][vc_single_image image=\u00a0\u00bb1599&Prime; img_size=\u00a0\u00bb2048&#215;874&Prime; alignment=\u00a0\u00bbcenter\u00a0\u00bb qode_css_animation=\u00a0\u00bb\u00a0\u00bb][vc_empty_space][\/vc_column][\/vc_row][vc_row css_animation=\u00a0\u00bb\u00a0\u00bb row_type=\u00a0\u00bbrow\u00a0\u00bb use_row_as_full_screen_section=\u00a0\u00bbno\u00a0\u00bb type=\u00a0\u00bbfull_width\u00a0\u00bb angled_section=\u00a0\u00bbno\u00a0\u00bb text_align=\u00a0\u00bbleft\u00a0\u00bb background_image_as_pattern=\u00a0\u00bbwithout_pattern\u00a0\u00bb][vc_column][vc_row_inner row_type=\u00a0\u00bbrow\u00a0\u00bb type=\u00a0\u00bbfull_width\u00a0\u00bb text_align=\u00a0\u00bbleft\u00a0\u00bb css_animation=\u00a0\u00bb\u00a0\u00bb][vc_column_inner width=\u00a0\u00bb1\/2&Prime;][vc_single_image image=\u00a0\u00bb1825&Prime; img_size=\u00a0\u00bbmedium\u00a0\u00bb alignment=\u00a0\u00bbcenter\u00a0\u00bb css=\u00a0\u00bb\u00a0\u00bb qode_css_animation=\u00a0\u00bb\u00a0\u00bb][\/vc_column_inner][vc_column_inner width=\u00a0\u00bb1\/2&Prime;][vc_single_image image=\u00a0\u00bb1754&Prime; img_size=\u00a0\u00bb400&#215;175&Prime; onclick=\u00a0\u00bbcustom_link\u00a0\u00bb img_link_target=\u00a0\u00bb_blank\u00a0\u00bb qode_css_animation=\u00a0\u00bb\u00a0\u00bb link=\u00a0\u00bbhttps:\/\/www.destination-groupes.net\/\u00a0\u00bb][vc_column_text]Membre du r\u00e9seau national destination groupes[\/vc_column_text][\/vc_column_inner][\/vc_row_inner][vc_empty_space][vc_column_text] Qui sommes-nous ? [\/vc_column_text][vc_empty_space][vc_column_text...","og_url":"https:\/\/groupes.aube-champagne.com\/fr\/presentation\/qui-sommes-nous\/","og_site_name":"Champagne Breaks Groupes","article_modified_time":"2025-08-12T12:15:57+00:00","twitter_card":"summary_large_image","twitter_misc":{"Dur\u00e9e de lecture estim\u00e9e":"1 minute"},"schema":{"@context":"https:\/\/schema.org","@graph":[{"@type":"WebPage","@id":"https:\/\/groupes.aube-champagne.com\/fr\/presentation\/qui-sommes-nous\/","url":"https:\/\/groupes.aube-champagne.com\/fr\/presentation\/qui-sommes-nous\/","name":"Qui sommes-nous ? - Champagne Breaks Groupes","isPartOf":{"@id":"https:\/\/champagnebreaksgroupes.v3.mobylee.com\/fr\/#website"},"datePublished":"2016-12-15T15:56:48+00:00","dateModified":"2025-08-12T12:15:57+00:00","breadcrumb":{"@id":"https:\/\/groupes.aube-champagne.com\/fr\/presentation\/qui-sommes-nous\/#breadcrumb"},"inLanguage":"fr-FR","potentialAction":[{"@type":"ReadAction","target":["https:\/\/groupes.aube-champagne.com\/fr\/presentation\/qui-sommes-nous\/"]}]},{"@type":"BreadcrumbList","@id":"https:\/\/groupes.aube-champagne.com\/fr\/presentation\/qui-sommes-nous\/#breadcrumb","itemListElement":[{"@type":"ListItem","position":1,"name":"Home","item":"https:\/\/groupes.aube-champagne.com\/fr\/"},{"@type":"ListItem","position":2,"name":"Pr\u00e9sentation","item":"https:\/\/groupes.aube-champagne.com\/fr\/presentation\/"},{"@type":"ListItem","position":3,"name":"Qui sommes-nous ?"}]},{"@type":"WebSite","@id":"https:\/\/champagnebreaksgroupes.v3.mobylee.com\/fr\/#website","url":"https:\/\/champagnebreaksgroupes.v3.mobylee.com\/fr\/","name":"Champagne Breaks Groupes","description":"Excursions et s\u00e9jours en groupe","potentialAction":[{"@type":"SearchAction","target":{"@type":"EntryPoint","urlTemplate":"https:\/\/champagnebreaksgroupes.v3.mobylee.com\/fr\/?s={search_term_string}"},"query-input":{"@type":"PropertyValueSpecification","valueRequired":true,"valueName":"search_term_string"}}],"inLanguage":"fr-FR"}]}},"_links":{"self":[{"href":"https:\/\/groupes.aube-champagne.com\/fr\/wp-json\/wp\/v2\/pages\/379\/"}],"collection":[{"href":"https:\/\/groupes.aube-champagne.com\/fr\/wp-json\/wp\/v2\/pages\/"}],"about":[{"href":"https:\/\/groupes.aube-champagne.com\/fr\/wp-json\/wp\/v2\/types\/page\/"}],"author":[{"embeddable":true,"href":"https:\/\/groupes.aube-champagne.com\/fr\/wp-json\/wp\/v2\/users\/1\/"}],"replies":[{"embeddable":true,"href":"https:\/\/groupes.aube-champagne.com\/fr\/wp-json\/wp\/v2\/comments\/?post=379"}],"version-history":[{"count":7,"href":"https:\/\/groupes.aube-champagne.com\/fr\/wp-json\/wp\/v2\/pages\/379\/revisions\/"}],"predecessor-version":[{"id":1828,"href":"https:\/\/groupes.aube-champagne.com\/fr\/wp-json\/wp\/v2\/pages\/379\/revisions\/1828\/"}],"up":[{"embeddable":true,"href":"https:\/\/groupes.aube-champagne.com\/fr\/wp-json\/wp\/v2\/pages\/373\/"}],"wp:attachment":[{"href":"https:\/\/groupes.aube-champagne.com\/fr\/wp-json\/wp\/v2\/media\/?parent=379"}],"curies":[{"name":"wp","href":"https:\/\/api.w.org\/{rel}","templated":true}]}}