{"id":387,"date":"2016-12-15T17:10:38","date_gmt":"2016-12-15T16:10:38","guid":{"rendered":"http:\/\/champagnebreaksgroupes.v3.mobylee.com\/?page_id=387\/"},"modified":"2021-04-30T11:53:59","modified_gmt":"2021-04-30T09:53:59","slug":"comment-venir-en-champagne","status":"publish","type":"page","link":"https:\/\/groupes.aube-champagne.com\/fr\/presentation\/comment-venir-en-champagne\/","title":{"rendered":"Comment venir dans l&rsquo;Aube"},"content":{"rendered":"<div class=\"wpb-content-wrapper\"><p>[vc_row css_animation=\u00a0\u00bb\u00a0\u00bb row_type=\u00a0\u00bbrow\u00a0\u00bb use_row_as_full_screen_section=\u00a0\u00bbno\u00a0\u00bb type=\u00a0\u00bbfull_width\u00a0\u00bb angled_section=\u00a0\u00bbno\u00a0\u00bb text_align=\u00a0\u00bbleft\u00a0\u00bb background_image_as_pattern=\u00a0\u00bbwithout_pattern\u00a0\u00bb][vc_column][vc_single_image image=\u00a0\u00bb1586&Prime; img_size=\u00a0\u00bb2048&#215;874&Prime; alignment=\u00a0\u00bbcenter\u00a0\u00bb qode_css_animation=\u00a0\u00bb\u00a0\u00bb][vc_empty_space][vc_column_text]<\/p>\n<h2 style=\"text-align: center\">En voiture ou en train, tous les chemins m\u00e8nent dans l&rsquo;Aube.<\/h2>\n<p>[\/vc_column_text][vc_empty_space][\/vc_column][\/vc_row][vc_row css_animation=\u00a0\u00bb\u00a0\u00bb row_type=\u00a0\u00bbrow\u00a0\u00bb use_row_as_full_screen_section=\u00a0\u00bbno\u00a0\u00bb type=\u00a0\u00bbfull_width\u00a0\u00bb angled_section=\u00a0\u00bbno\u00a0\u00bb text_align=\u00a0\u00bbleft\u00a0\u00bb background_image_as_pattern=\u00a0\u00bbwithout_pattern\u00a0\u00bb z_index=\u00a0\u00bb\u00a0\u00bb][vc_column][vc_row_inner row_type=\u00a0\u00bbrow\u00a0\u00bb type=\u00a0\u00bbfull_width\u00a0\u00bb text_align=\u00a0\u00bbcenter\u00a0\u00bb css_animation=\u00a0\u00bb\u00a0\u00bb][vc_column_inner width=\u00a0\u00bb1\/4&Prime;][vc_single_image image=\u00a0\u00bb1589&Prime; img_size=\u00a0\u00bblarge\u00a0\u00bb alignment=\u00a0\u00bbcenter\u00a0\u00bb qode_css_animation=\u00a0\u00bb\u00a0\u00bb][\/vc_column_inner][vc_column_inner width=\u00a0\u00bb3\/4&Prime;][vc_column_text]<\/p>\n<p style=\"text-align: center\">Situ\u00e9 dans le Grand Est, au coeur de la Champagne, le d\u00e9partement de l&rsquo;Aube jouit d&rsquo;une proximit\u00e9 avec Paris (1h30 en train) et avec les pays limitrophes du Nord de la France.<\/p>\n<p>[\/vc_column_text][\/vc_column_inner][\/vc_row_inner][vc_empty_space][vc_row_inner row_type=\u00a0\u00bbrow\u00a0\u00bb type=\u00a0\u00bbfull_width\u00a0\u00bb text_align=\u00a0\u00bbleft\u00a0\u00bb css_animation=\u00a0\u00bb\u00a0\u00bb][vc_column_inner width=\u00a0\u00bb2\/3&Prime;][vc_single_image image=\u00a0\u00bb1592&Prime; img_size=\u00a0\u00bblarge\u00a0\u00bb qode_css_animation=\u00a0\u00bb\u00a0\u00bb][vc_empty_space][\/vc_column_inner][vc_column_inner width=\u00a0\u00bb1\/3&Prime;][vc_column_text]<\/p>\n<h3>Un d\u00e9partement accessible et bien desservi<\/h3>\n<p>&nbsp;<\/p>\n<p><strong>En voiture<\/strong>, par axes autoroutiers :<\/p>\n<ul>\n<li style=\"list-style-type: none\">\n<ul>\n<li>Depuis Paris : A5 (2h)<\/li>\n<li>Depuis Dijon : A5 (1h50)<\/li>\n<li>Depuis Reims : A26 (1h20)<\/li>\n<li>Depuis Calais : A26 (3h50)<\/li>\n<li>Depuis Bruxelles : E19, A420, A34 et E26 (4h)<\/li>\n<\/ul>\n<\/li>\n<\/ul>\n<p>&nbsp;<\/p>\n<p><strong>En train<\/strong> :<\/p>\n<ul>\n<li style=\"list-style-type: none\">\n<ul>\n<li>TER Paris Est &#8211; Mulhouse<\/li>\n<li>TER Paris Est &#8211; Dijon<\/li>\n<\/ul>\n<\/li>\n<\/ul>\n<p>[\/vc_column_text][vc_empty_space][\/vc_column_inner][\/vc_row_inner][\/vc_column][\/vc_row]<\/p>\n<\/div>","protected":false},"excerpt":{"rendered":"<p>[vc_row css_animation=\u00a0\u00bb\u00a0\u00bb row_type=\u00a0\u00bbrow\u00a0\u00bb use_row_as_full_screen_section=\u00a0\u00bbno\u00a0\u00bb type=\u00a0\u00bbfull_width\u00a0\u00bb angled_section=\u00a0\u00bbno\u00a0\u00bb text_align=\u00a0\u00bbleft\u00a0\u00bb background_image_as_pattern=\u00a0\u00bbwithout_pattern\u00a0\u00bb][vc_column][vc_single_image image=\u00a0\u00bb1586&Prime; img_size=\u00a0\u00bb2048&#215;874&Prime; alignment=\u00a0\u00bbcenter\u00a0\u00bb qode_css_animation=\u00a0\u00bb\u00a0\u00bb][vc_empty_space][vc_column_text] En voiture ou en train, tous les chemins m\u00e8nent dans l&rsquo;Aube. [\/vc_column_text][vc_empty_space][\/vc_column][\/vc_row][vc_row css_animation=\u00a0\u00bb\u00a0\u00bb row_type=\u00a0\u00bbrow\u00a0\u00bb use_row_as_full_screen_section=\u00a0\u00bbno\u00a0\u00bb type=\u00a0\u00bbfull_width\u00a0\u00bb angled_section=\u00a0\u00bbno\u00a0\u00bb text_align=\u00a0\u00bbleft\u00a0\u00bb background_image_as_pattern=\u00a0\u00bbwithout_pattern\u00a0\u00bb z_index=\u00a0\u00bb\u00a0\u00bb][vc_column][vc_row_inner row_type=\u00a0\u00bbrow\u00a0\u00bb type=\u00a0\u00bbfull_width\u00a0\u00bb text_align=\u00a0\u00bbcenter\u00a0\u00bb css_animation=\u00a0\u00bb\u00a0\u00bb][vc_column_inner width=\u00a0\u00bb1\/4&Prime;][vc_single_image image=\u00a0\u00bb1589&Prime; img_size=\u00a0\u00bblarge\u00a0\u00bb alignment=\u00a0\u00bbcenter\u00a0\u00bb qode_css_animation=\u00a0\u00bb\u00a0\u00bb][\/vc_column_inner][vc_column_inner width=\u00a0\u00bb3\/4&Prime;][vc_column_text] Situ\u00e9 dans le&#8230;<\/p>\n","protected":false},"author":1,"featured_media":0,"parent":373,"menu_order":0,"comment_status":"closed","ping_status":"closed","template":"","meta":{"footnotes":""},"class_list":["post-387","page","type-page","status-publish","hentry"],"yoast_head":"<!-- This site is optimized with the Yoast SEO plugin v26.6 - https:\/\/yoast.com\/wordpress\/plugins\/seo\/ -->\n<title>Comment venir dans l&#039;Aube - Champagne Breaks Groupes<\/title>\n<meta name=\"robots\" content=\"index, follow, max-snippet:-1, max-image-preview:large, max-video-preview:-1\" \/>\n<link rel=\"canonical\" href=\"https:\/\/groupes.aube-champagne.com\/fr\/presentation\/comment-venir-en-champagne\/\" \/>\n<meta property=\"og:locale\" content=\"fr_FR\" \/>\n<meta property=\"og:type\" content=\"article\" \/>\n<meta property=\"og:title\" content=\"Comment venir dans l&#039;Aube - Champagne Breaks Groupes\" \/>\n<meta property=\"og:description\" content=\"[vc_row css_animation=\u00a0\u00bb\u00a0\u00bb row_type=\u00a0\u00bbrow\u00a0\u00bb use_row_as_full_screen_section=\u00a0\u00bbno\u00a0\u00bb type=\u00a0\u00bbfull_width\u00a0\u00bb angled_section=\u00a0\u00bbno\u00a0\u00bb text_align=\u00a0\u00bbleft\u00a0\u00bb background_image_as_pattern=\u00a0\u00bbwithout_pattern\u00a0\u00bb][vc_column][vc_single_image image=\u00a0\u00bb1586&Prime; img_size=\u00a0\u00bb2048&#215;874&Prime; alignment=\u00a0\u00bbcenter\u00a0\u00bb qode_css_animation=\u00a0\u00bb\u00a0\u00bb][vc_empty_space][vc_column_text] En voiture ou en train, tous les chemins m\u00e8nent dans l&rsquo;Aube. [\/vc_column_text][vc_empty_space][\/vc_column][\/vc_row][vc_row css_animation=\u00a0\u00bb\u00a0\u00bb row_type=\u00a0\u00bbrow\u00a0\u00bb use_row_as_full_screen_section=\u00a0\u00bbno\u00a0\u00bb type=\u00a0\u00bbfull_width\u00a0\u00bb angled_section=\u00a0\u00bbno\u00a0\u00bb text_align=\u00a0\u00bbleft\u00a0\u00bb background_image_as_pattern=\u00a0\u00bbwithout_pattern\u00a0\u00bb z_index=\u00a0\u00bb\u00a0\u00bb][vc_column][vc_row_inner row_type=\u00a0\u00bbrow\u00a0\u00bb type=\u00a0\u00bbfull_width\u00a0\u00bb text_align=\u00a0\u00bbcenter\u00a0\u00bb css_animation=\u00a0\u00bb\u00a0\u00bb][vc_column_inner width=\u00a0\u00bb1\/4&Prime;][vc_single_image image=\u00a0\u00bb1589&Prime; img_size=\u00a0\u00bblarge\u00a0\u00bb alignment=\u00a0\u00bbcenter\u00a0\u00bb qode_css_animation=\u00a0\u00bb\u00a0\u00bb][\/vc_column_inner][vc_column_inner width=\u00a0\u00bb3\/4&Prime;][vc_column_text] Situ\u00e9 dans le...\" \/>\n<meta property=\"og:url\" content=\"https:\/\/groupes.aube-champagne.com\/fr\/presentation\/comment-venir-en-champagne\/\" \/>\n<meta property=\"og:site_name\" content=\"Champagne Breaks Groupes\" \/>\n<meta property=\"article:modified_time\" content=\"2021-04-30T09:53:59+00:00\" \/>\n<meta name=\"twitter:card\" content=\"summary_large_image\" \/>\n<meta name=\"twitter:label1\" content=\"Dur\u00e9e de lecture estim\u00e9e\" \/>\n\t<meta name=\"twitter:data1\" content=\"1 minute\" \/>\n<script type=\"application\/ld+json\" class=\"yoast-schema-graph\">{\"@context\":\"https:\/\/schema.org\",\"@graph\":[{\"@type\":\"WebPage\",\"@id\":\"https:\/\/groupes.aube-champagne.com\/fr\/presentation\/comment-venir-en-champagne\/\",\"url\":\"https:\/\/groupes.aube-champagne.com\/fr\/presentation\/comment-venir-en-champagne\/\",\"name\":\"Comment venir dans l'Aube - Champagne Breaks Groupes\",\"isPartOf\":{\"@id\":\"https:\/\/champagnebreaksgroupes.v3.mobylee.com\/fr\/#website\"},\"datePublished\":\"2016-12-15T16:10:38+00:00\",\"dateModified\":\"2021-04-30T09:53:59+00:00\",\"breadcrumb\":{\"@id\":\"https:\/\/groupes.aube-champagne.com\/fr\/presentation\/comment-venir-en-champagne\/#breadcrumb\"},\"inLanguage\":\"fr-FR\",\"potentialAction\":[{\"@type\":\"ReadAction\",\"target\":[\"https:\/\/groupes.aube-champagne.com\/fr\/presentation\/comment-venir-en-champagne\/\"]}]},{\"@type\":\"BreadcrumbList\",\"@id\":\"https:\/\/groupes.aube-champagne.com\/fr\/presentation\/comment-venir-en-champagne\/#breadcrumb\",\"itemListElement\":[{\"@type\":\"ListItem\",\"position\":1,\"name\":\"Home\",\"item\":\"https:\/\/groupes.aube-champagne.com\/fr\/\"},{\"@type\":\"ListItem\",\"position\":2,\"name\":\"Pr\u00e9sentation\",\"item\":\"https:\/\/groupes.aube-champagne.com\/fr\/presentation\/\"},{\"@type\":\"ListItem\",\"position\":3,\"name\":\"Comment venir dans l&rsquo;Aube\"}]},{\"@type\":\"WebSite\",\"@id\":\"https:\/\/champagnebreaksgroupes.v3.mobylee.com\/fr\/#website\",\"url\":\"https:\/\/champagnebreaksgroupes.v3.mobylee.com\/fr\/\",\"name\":\"Champagne Breaks Groupes\",\"description\":\"Excursions et s\u00e9jours en groupe\",\"potentialAction\":[{\"@type\":\"SearchAction\",\"target\":{\"@type\":\"EntryPoint\",\"urlTemplate\":\"https:\/\/champagnebreaksgroupes.v3.mobylee.com\/fr\/?s={search_term_string}\"},\"query-input\":{\"@type\":\"PropertyValueSpecification\",\"valueRequired\":true,\"valueName\":\"search_term_string\"}}],\"inLanguage\":\"fr-FR\"}]}<\/script>\n<!-- \/ Yoast SEO plugin. -->","yoast_head_json":{"title":"Comment venir dans l'Aube - Champagne Breaks Groupes","robots":{"index":"index","follow":"follow","max-snippet":"max-snippet:-1","max-image-preview":"max-image-preview:large","max-video-preview":"max-video-preview:-1"},"canonical":"https:\/\/groupes.aube-champagne.com\/fr\/presentation\/comment-venir-en-champagne\/","og_locale":"fr_FR","og_type":"article","og_title":"Comment venir dans l'Aube - Champagne Breaks Groupes","og_description":"[vc_row css_animation=\u00a0\u00bb\u00a0\u00bb row_type=\u00a0\u00bbrow\u00a0\u00bb use_row_as_full_screen_section=\u00a0\u00bbno\u00a0\u00bb type=\u00a0\u00bbfull_width\u00a0\u00bb angled_section=\u00a0\u00bbno\u00a0\u00bb text_align=\u00a0\u00bbleft\u00a0\u00bb background_image_as_pattern=\u00a0\u00bbwithout_pattern\u00a0\u00bb][vc_column][vc_single_image image=\u00a0\u00bb1586&Prime; img_size=\u00a0\u00bb2048&#215;874&Prime; alignment=\u00a0\u00bbcenter\u00a0\u00bb qode_css_animation=\u00a0\u00bb\u00a0\u00bb][vc_empty_space][vc_column_text] En voiture ou en train, tous les chemins m\u00e8nent dans l&rsquo;Aube. [\/vc_column_text][vc_empty_space][\/vc_column][\/vc_row][vc_row css_animation=\u00a0\u00bb\u00a0\u00bb row_type=\u00a0\u00bbrow\u00a0\u00bb use_row_as_full_screen_section=\u00a0\u00bbno\u00a0\u00bb type=\u00a0\u00bbfull_width\u00a0\u00bb angled_section=\u00a0\u00bbno\u00a0\u00bb text_align=\u00a0\u00bbleft\u00a0\u00bb background_image_as_pattern=\u00a0\u00bbwithout_pattern\u00a0\u00bb z_index=\u00a0\u00bb\u00a0\u00bb][vc_column][vc_row_inner row_type=\u00a0\u00bbrow\u00a0\u00bb type=\u00a0\u00bbfull_width\u00a0\u00bb text_align=\u00a0\u00bbcenter\u00a0\u00bb css_animation=\u00a0\u00bb\u00a0\u00bb][vc_column_inner width=\u00a0\u00bb1\/4&Prime;][vc_single_image image=\u00a0\u00bb1589&Prime; img_size=\u00a0\u00bblarge\u00a0\u00bb alignment=\u00a0\u00bbcenter\u00a0\u00bb qode_css_animation=\u00a0\u00bb\u00a0\u00bb][\/vc_column_inner][vc_column_inner width=\u00a0\u00bb3\/4&Prime;][vc_column_text] Situ\u00e9 dans le...","og_url":"https:\/\/groupes.aube-champagne.com\/fr\/presentation\/comment-venir-en-champagne\/","og_site_name":"Champagne Breaks Groupes","article_modified_time":"2021-04-30T09:53:59+00:00","twitter_card":"summary_large_image","twitter_misc":{"Dur\u00e9e de lecture estim\u00e9e":"1 minute"},"schema":{"@context":"https:\/\/schema.org","@graph":[{"@type":"WebPage","@id":"https:\/\/groupes.aube-champagne.com\/fr\/presentation\/comment-venir-en-champagne\/","url":"https:\/\/groupes.aube-champagne.com\/fr\/presentation\/comment-venir-en-champagne\/","name":"Comment venir dans l'Aube - Champagne Breaks Groupes","isPartOf":{"@id":"https:\/\/champagnebreaksgroupes.v3.mobylee.com\/fr\/#website"},"datePublished":"2016-12-15T16:10:38+00:00","dateModified":"2021-04-30T09:53:59+00:00","breadcrumb":{"@id":"https:\/\/groupes.aube-champagne.com\/fr\/presentation\/comment-venir-en-champagne\/#breadcrumb"},"inLanguage":"fr-FR","potentialAction":[{"@type":"ReadAction","target":["https:\/\/groupes.aube-champagne.com\/fr\/presentation\/comment-venir-en-champagne\/"]}]},{"@type":"BreadcrumbList","@id":"https:\/\/groupes.aube-champagne.com\/fr\/presentation\/comment-venir-en-champagne\/#breadcrumb","itemListElement":[{"@type":"ListItem","position":1,"name":"Home","item":"https:\/\/groupes.aube-champagne.com\/fr\/"},{"@type":"ListItem","position":2,"name":"Pr\u00e9sentation","item":"https:\/\/groupes.aube-champagne.com\/fr\/presentation\/"},{"@type":"ListItem","position":3,"name":"Comment venir dans l&rsquo;Aube"}]},{"@type":"WebSite","@id":"https:\/\/champagnebreaksgroupes.v3.mobylee.com\/fr\/#website","url":"https:\/\/champagnebreaksgroupes.v3.mobylee.com\/fr\/","name":"Champagne Breaks Groupes","description":"Excursions et s\u00e9jours en groupe","potentialAction":[{"@type":"SearchAction","target":{"@type":"EntryPoint","urlTemplate":"https:\/\/champagnebreaksgroupes.v3.mobylee.com\/fr\/?s={search_term_string}"},"query-input":{"@type":"PropertyValueSpecification","valueRequired":true,"valueName":"search_term_string"}}],"inLanguage":"fr-FR"}]}},"_links":{"self":[{"href":"https:\/\/groupes.aube-champagne.com\/fr\/wp-json\/wp\/v2\/pages\/387\/"}],"collection":[{"href":"https:\/\/groupes.aube-champagne.com\/fr\/wp-json\/wp\/v2\/pages\/"}],"about":[{"href":"https:\/\/groupes.aube-champagne.com\/fr\/wp-json\/wp\/v2\/types\/page\/"}],"author":[{"embeddable":true,"href":"https:\/\/groupes.aube-champagne.com\/fr\/wp-json\/wp\/v2\/users\/1\/"}],"replies":[{"embeddable":true,"href":"https:\/\/groupes.aube-champagne.com\/fr\/wp-json\/wp\/v2\/comments\/?post=387"}],"version-history":[{"count":5,"href":"https:\/\/groupes.aube-champagne.com\/fr\/wp-json\/wp\/v2\/pages\/387\/revisions\/"}],"predecessor-version":[{"id":1597,"href":"https:\/\/groupes.aube-champagne.com\/fr\/wp-json\/wp\/v2\/pages\/387\/revisions\/1597\/"}],"up":[{"embeddable":true,"href":"https:\/\/groupes.aube-champagne.com\/fr\/wp-json\/wp\/v2\/pages\/373\/"}],"wp:attachment":[{"href":"https:\/\/groupes.aube-champagne.com\/fr\/wp-json\/wp\/v2\/media\/?parent=387"}],"curies":[{"name":"wp","href":"https:\/\/api.w.org\/{rel}","templated":true}]}}